{"id":1084,"date":"2018-11-13T10:50:04","date_gmt":"2018-11-13T09:50:04","guid":{"rendered":"http:\/\/www.mc-praha.cz\/mcp\/?page_id=1084"},"modified":"2021-10-26T15:38:34","modified_gmt":"2021-10-26T13:38:34","slug":"odborna-lekarska-vysetreni","status":"publish","type":"page","link":"https:\/\/www.mc-praha.cz\/mcp\/odborna-lekarska-vysetreni\/","title":{"rendered":"Odborn\u00e1 l\u00e9ka\u0159sk\u00e1 vy\u0161et\u0159en\u00ed"},"content":{"rendered":"<p><section id=\"bt_section69fe0019350ec\"  class=\"boldSection topSemiSpaced bottomSemiSpaced gutter inherit headerNarrowWidth vysetreni vysetreniDetail\" ><div class=\"port\"><div class=\"boldCell\"><div class=\"boldCellInner\"><div class=\"boldRow  \" ><div class=\"boldRowInner\"><div class=\"rowItem col-md-12 col-ms-12  btTextLeft\"  ><div class=\"rowItemContent\" ><header class=\"header btClear medium header-blue btNormalDash\" ><div class=\"btSuperTitle\">Odborn\u00e1 l\u00e9ka\u0159sk\u00e1 vy\u0161et\u0159en\u00ed<\/div><div class=\"dash\"><h3><span class=\"headline\">Odborn\u00e1 l\u00e9ka\u0159sk\u00e1 vy\u0161et\u0159en\u00ed<\/span><\/h3><\/div><\/header><div class=\"btText\" ><\/p>\n<p>Vy\u0161et\u0159en\u00ed na na\u0161em pracovi\u0161ti je komplexn\u00ed. \u0158e\u0161\u00edme poruchy imunity, alergie, autoimunitn\u00ed onemocn\u011bn\u00ed, nemoci pohybov\u00e9ho apar\u00e1tu, komplikovan\u00e9 neurologick\u00e9 diagn\u00f3zy, chronick\u00e9 infekce, reproduk\u010dn\u00ed poruchy apod. Spolupacujeme s odborn\u00edky nap\u0159\u00ed\u010d obory.<\/p>\n<p>\n<\/div><\/div><\/div><\/div><\/div><\/div><\/div><\/div><\/section><section id=\"bt_section69fe00193536b\"  class=\"boldSection gutter fullScreenHeight inherit projects\" ><div class=\"port\"><div class=\"boldCell\"><div class=\"boldCellInner\"><div class=\"boldRow  \" style=\"max-width:1180px;margin:auto\"><div class=\"boldRowInner\"><div class=\"rowItem col-md-3 col-sm-6 col-ms-12 btTextLeft inherit lekarskaVysetreni minHeight\" style=\"padding-left:0\" ><div class=\"rowItemContent\" ><div class=\"btClear btSeparator bottomSmallSpaced noBorder\" ><hr><\/div><header class=\"header btClear small header-white btNormalDash\" ><div class=\"btSuperTitle\">Imunologie<\/div><\/header><div class=\"btText\" ><\/p>\n<p><span style=\"color: #ffffff;\">Komplexn\u00ed imunologick\u00e9 vy\u0161et\u0159en\u00ed se zam\u011b\u0159uje na diagnostiku\u00a0sn\u00ed\u017een\u00e9 imunity,\u00a0alergie, autoimunitn\u00ed onemocn\u011bn\u00ed,\u00a0poruchy komplementu,\u00a0chronick\u00e9 infekce\u00a0\u010di nezn\u00e1m\u00e9 imunitn\u00ed poruchy. Imunologie vy\u017eaduje mezioborovou spolupr\u00e1ci, patologick\u00e9 chov\u00e1n\u00ed komponent imunitn\u00edho syst\u00e9mu z\u00e1sadn\u011b ovliv\u0148uje [&#8230;]<\/span><\/p>\n<p>\n<\/div><div class=\"btClear btSeparator bottomSmallSpaced noBorder\" ><hr><\/div><a href=\"https:\/\/www.mc-praha.cz\/mcp\/imunologie\/\" class=\"btBtn btBtn btnOutlineStyle btnNormalColor btnSmall btnNormalWidth btn-round noTransitionDelay btnInlinePosition btnIco\"  target=\"_blank\"><span class=\"btIco \" ><span  data-ico-f5=\"&#xf061;\" class=\"btIcoHolder\"><em><\/em><\/span><\/span><\/a><div class=\"btClear btSeparator bottomSmallSpaced noBorder\" ><hr><\/div><\/div><\/div><div class=\"rowItem col-md-3 col-sm-6 col-ms-12 btTextLeft inherit lekarskaVysetreni minHeight\"  ><div class=\"rowItemContent\" ><div class=\"btClear btSeparator bottomSmallSpaced noBorder\" ><hr><\/div><header class=\"header btClear small header-white btNormalDash\" ><div class=\"btSuperTitle\">Alergie<\/div><\/header><div class=\"btText\" ><\/p>\n<p><span style=\"color: #ffffff;\">Komplexn\u00ed alergologick\u00e9 vy\u0161et\u0159en\u00ed se zam\u011b\u0159uje na klasick\u00e9 alergie i na diagnostiku tzv. kontaktn\u00edch alergen\u016f. Vedle c\u00edlen\u00e9ho stanoven\u00ed kritick\u00e9ho alergenu je pot\u0159eba dob\u0159e vy\u0161et\u0159it cel\u00fd imunitn\u00ed syst\u00e9m. V n\u011bkter\u00fdch p\u0159\u00edpadech je dobr\u00e9 stanovit i rizikovou genetickou konstituci.<\/span><\/p>\n<p>\n<\/div><div class=\"btClear btSeparator bottomSmallSpaced noBorder\" ><hr><\/div><a href=\"https:\/\/www.mc-praha.cz\/mcp\/alergie\/\" class=\"btBtn btBtn btnOutlineStyle btnNormalColor btnSmall btnNormalWidth btn-round noTransitionDelay btnInlinePosition btnIco\"  target=\"_blank\"><span class=\"btIco \" ><span  data-ico-f5=\"&#xf061;\" class=\"btIcoHolder\"><em><\/em><\/span><\/span><\/a><div class=\"btClear btSeparator bottomSmallSpaced noBorder\" ><hr><\/div><\/div><\/div><div class=\"rowItem col-md-3 col-sm-6 col-ms-12 btTextLeft inherit lekarskaVysetreni minHeight\"  ><div class=\"rowItemContent\" ><div class=\"btClear btSeparator bottomSmallSpaced noBorder\" ><hr><\/div><header class=\"header btClear small header-white btNormalDash\" ><div class=\"btSuperTitle\">Revmatologie<\/div><\/header><div class=\"btText\" ><\/p>\n<p><span style=\"color: #ffffff;\">Revmatologie se zab\u00fdv\u00e1 nemocemi pohybov\u00e9ho apar\u00e1tu (klouby, kosti, p\u00e1te\u0159, svaly, vazy, \u0161lachy, \u00fapony).P\u0159\u00edznaky revmatick\u00fdch onemocn\u011bn\u00ed se nej\u010dast\u011bji projevuj\u00ed bolestivost\u00ed pohybov\u00e9ho \u00fastroj\u00ed, omezen\u00edm hybnosti a tuhnut\u00edm kloub\u016f. Klouby b\u00fdvaj\u00ed bolestiv\u00e9 a citliv\u00e9 na dotyk [&#8230;]<\/span><\/p>\n<p>\n<\/div><div class=\"btClear btSeparator bottomSmallSpaced noBorder\" ><hr><\/div><a href=\"https:\/\/www.mc-praha.cz\/mcp\/revmatologie\/\" class=\"btBtn btBtn btnOutlineStyle btnNormalColor btnSmall btnNormalWidth btn-round noTransitionDelay btnInlinePosition btnIco\"  target=\"_blank\"><span class=\"btIco \" ><span  data-ico-f5=\"&#xf061;\" class=\"btIcoHolder\"><em><\/em><\/span><\/span><\/a><div class=\"btClear btSeparator bottomSmallSpaced noBorder\" ><hr><\/div><\/div><\/div><div class=\"rowItem col-md-3 col-sm-6 col-ms-12 btTextLeft inherit lekarskaVysetreni minHeight\" style=\"padding-right:0\" ><div class=\"rowItemContent\" ><div class=\"btClear btSeparator bottomSmallSpaced noBorder\" ><hr><\/div><header class=\"header btClear small header-white btNormalDash\" ><div class=\"btSuperTitle\">Neurologie<\/div><\/header><div class=\"btText\" ><\/p>\n<p><span style=\"color: #ffffff;\">V posledn\u00edch letech je u na\u0161\u00ed populace zaznamen\u00e1n trend vy\u0161\u0161\u00edho do\u017eit\u00ed, co\u017e s sebou p\u0159in\u00e1\u0161\u00ed i \u010dast\u011bj\u0161\u00ed v\u00fdskyt neurologick\u00fdch obt\u00ed\u017e\u00ed. Obt\u00ed\u017eemi neurologick\u00e9ho charakteru, jako jsou onemocn\u011bn\u00ed centr\u00e1ln\u00edho a perifern\u00edho nervov\u00e9ho syst\u00e9mu, c\u00e9vn\u00ed choroby mozku, m\u00edchy a nemoci pohybov\u00e9ho apar\u00e1tu [&#8230;] <\/span><\/p>\n<p>\n<\/div><div class=\"btClear btSeparator bottomSmallSpaced noBorder\" ><hr><\/div><a href=\"https:\/\/www.mc-praha.cz\/mcp\/neurologie\/\" class=\"btBtn btBtn btnOutlineStyle btnNormalColor btnSmall btnNormalWidth btn-round noTransitionDelay btnInlinePosition btnIco\"  target=\"_blank\"><span class=\"btIco \" ><span  data-ico-f5=\"&#xf061;\" class=\"btIcoHolder\"><em><\/em><\/span><\/span><\/a><div class=\"btClear btSeparator bottomSmallSpaced noBorder\" ><hr><\/div><\/div><\/div><\/div><\/div><div class=\"boldRow  \" ><div class=\"boldRowInner\"><div class=\"rowItem col-md-12 col-ms-12  btTextLeft inherit\"  ><div class=\"rowItemContent\" ><div class=\"btClear btSeparator topSmallSpaced noBorder bt_bb_hidden_xs bt_bb_hidden_ms\" ><hr><\/div><\/div><\/div><\/div><\/div><div class=\"boldRow  \" style=\"max-width:1180px;margin:auto\"><div class=\"boldRowInner\"><div class=\"rowItem col-md-3 col-sm-6 col-ms-12 btTextLeft inherit lekarskaVysetreni minHeight\" style=\"padding-left:0\" ><div class=\"rowItemContent\" ><div class=\"btClear btSeparator bottomSmallSpaced noBorder\" ><hr><\/div><header class=\"header btClear small header-white btNormalDash\" ><div class=\"btSuperTitle\">Reprodukce<\/div><\/header><div class=\"btText\" ><\/p>\n<p>Modern\u00ed \u017eivotn\u00ed styl, naru\u0161en\u00e9 biorytmy, nevhodn\u00e1 strava, zne\u010di\u0161t\u011bn\u00e9 \u017eivotn\u00ed prost\u0159ed\u00ed i naru\u0161en\u00e1 p\u0159irozen\u00e1 selekce se odr\u00e1\u017eej\u00ed v p\u0159ib\u00fdvaj\u00edc\u00edch poruch\u00e1ch reprodukce. V r\u00e1mci komplexn\u00edho vy\u0161et\u0159en\u00ed se zam\u011b\u0159ujeme na metabolick\u00e9 a hormon\u00e1ln\u00ed poruchy,\u00a0na sexu\u00e1ln\u011b p\u0159enosn\u00e9 nemoci, na sn\u00ed\u017eenou imunitu [&#8230;]<\/p>\n<p>\n<\/div><div class=\"btClear btSeparator bottomSmallSpaced noBorder\" ><hr><\/div><a href=\"https:\/\/www.mc-praha.cz\/mcp\/reprodukce\/\" class=\"btBtn btBtn btnOutlineStyle btnNormalColor btnSmall btnNormalWidth btn-round noTransitionDelay btnInlinePosition btnIco\"  target=\"_blank\"><span class=\"btIco \" ><span  data-ico-f5=\"&#xf061;\" class=\"btIcoHolder\"><em><\/em><\/span><\/span><\/a><div class=\"btClear btSeparator bottomSmallSpaced noBorder\" ><hr><\/div><\/div><\/div><div class=\"rowItem col-md-3 col-sm-6 col-ms-12 btTextLeft inherit lekarskaVysetreni minHeight\"  ><div class=\"rowItemContent\" ><div class=\"btClear btSeparator bottomSmallSpaced noBorder\" ><hr><\/div><header class=\"header btClear small header-white btNormalDash\" ><div class=\"btSuperTitle\">O\u010dkov\u00e1n\u00ed<\/div><\/header><div class=\"btText\" ><\/p>\n<p><span style=\"color: #ffffff;\">Posl\u00e1n\u00edm o\u010dkov\u00e1n\u00ed je vytvo\u0159it imunologickou pam\u011b\u0165, kter\u00e1 ochr\u00e1n\u00ed t\u011blo p\u0159ed nebezpe\u010dnou infekc\u00ed. D\u00edky o\u010dkov\u00e1n\u00ed se celosv\u011btov\u011b poda\u0159ilo v\u00fdznamn\u011b sn\u00ed\u017eit v\u00fdskyt mnoha smrteln\u00fdch onemocn\u011bn\u00ed. P\u0159\u00ednos o\u010dkov\u00e1n\u00ed pro spole\u010dnost je nezpochybniteln\u00fd. V sou\u010dasn\u00e9 dob\u011b je jen pot\u0159eba \u201esrovnat krok\u201c [&#8230;]<\/span><\/p>\n<p>\n<\/div><div class=\"btClear btSeparator bottomSmallSpaced noBorder\" ><hr><\/div><a href=\"https:\/\/www.mc-praha.cz\/mcp\/ockovani\/\" class=\"btBtn btBtn btnOutlineStyle btnNormalColor btnSmall btnNormalWidth btn-round noTransitionDelay btnInlinePosition btnIco\"  target=\"_blank\"><span class=\"btIco \" ><span  data-ico-f5=\"&#xf061;\" class=\"btIcoHolder\"><em><\/em><\/span><\/span><\/a><div class=\"btClear btSeparator bottomSmallSpaced noBorder\" ><hr><\/div><\/div><\/div><div class=\"rowItem col-md-3 col-sm-6 col-ms-12 btTextLeft inherit lekarskaVysetreni minHeight\"  ><div class=\"rowItemContent\" ><div class=\"btClear btSeparator bottomSmallSpaced noBorder\" ><hr><\/div><header class=\"header btClear small header-white btNormalDash\" ><div class=\"btSuperTitle\">Sport<\/div><\/header><div class=\"btText\" ><\/p>\n<p><span style=\"color: #ffffff;\">Pro v\u00fdb\u011br vhodn\u00e9ho sportu je d\u016fle\u017eit\u00e1 genetick\u00e1 konstituce, vhodn\u00e9 tr\u00e9ninkov\u00e9 metody a spr\u00e1vn\u00fd nutri\u010dn\u00ed pl\u00e1n. V projektu SPORT porad\u00edme rodi\u010d\u016fm, amat\u00e9rsk\u00fdm i profesion\u00e1ln\u00edm sportovc\u016fm. Pom\u00e1h\u00e1me zefektivnit tr\u00e9ninkov\u00fd pl\u00e1n, p\u0159edch\u00e1zet zran\u011bn\u00edm, ur\u010dit nejvhodn\u011bj\u0161\u00ed sport pro d\u011bti a vylep\u0161it p\u0159\u00edpravu t\u00fdm\u016f.<\/span><\/p>\n<p>\n<\/div><div class=\"btClear btSeparator bottomSmallSpaced noBorder\" ><hr><\/div><a href=\"https:\/\/www.mc-praha.cz\/mcp\/sport\/\" class=\"btBtn btBtn btnOutlineStyle btnNormalColor btnSmall btnNormalWidth btn-round noTransitionDelay btnInlinePosition btnIco\"  target=\"_blank\"><span class=\"btIco \" ><span  data-ico-f5=\"&#xf061;\" class=\"btIcoHolder\"><em><\/em><\/span><\/span><\/a><div class=\"btClear btSeparator bottomSmallSpaced noBorder\" ><hr><\/div><\/div><\/div><div class=\"rowItem col-md-3 col-sm-6 col-ms-12 btTextLeft inherit lekarskaVysetreni minHeight\" style=\"padding-right:0\" ><div class=\"rowItemContent\" ><div class=\"btClear btSeparator bottomSmallSpaced noBorder\" ><hr><\/div><header class=\"header btClear small header-white btNormalDash\" ><div class=\"btSuperTitle\">Nutri\u010dn\u00ed poradenstv\u00ed<\/div><\/header><div class=\"btText\" ><\/p>\n<p><span style=\"color: #ffffff;\">Zdrav\u00fd \u017eivotn\u00ed styl je n\u00e1strojem pro dobrou kondici a m\u011bl by n\u00e1m pomoci sn\u00ed\u017eit riziko tzv. civiliza\u010dn\u00edch chorob (nap\u0159. cukrovka a hypertenze). Sestavujeme j\u00eddeln\u00ed\u010dky a recepty na m\u00edru v z\u00e1vislosti na diagnostice a osobn\u00edch preferenc\u00edch.<\/span><\/p>\n<p>\n<\/div><div class=\"btClear btSeparator bottomSmallSpaced noBorder\" ><hr><\/div><a href=\"https:\/\/www.mc-praha.cz\/mcp\/nutricni-poradenstvi\/\" class=\"btBtn btBtn btnOutlineStyle btnNormalColor btnSmall btnNormalWidth btn-round noTransitionDelay btnInlinePosition btnIco\"  target=\"_blank\"><span class=\"btIco \" ><span  data-ico-f5=\"&#xf061;\" class=\"btIcoHolder\"><em><\/em><\/span><\/span><\/a><div class=\"btClear btSeparator bottomSmallSpaced noBorder\" ><hr><\/div><\/div><\/div><\/div><\/div><div class=\"boldRow no-min-height \" ><div class=\"boldRowInner\"><div class=\"rowItem col-md-12 col-ms-12  btTextLeft\"  ><div class=\"rowItemContent\" ><div class=\"btClear btSeparator topSmallSpaced noBorder bt_bb_hidden_xs bt_bb_hidden_ms\" ><hr><\/div><\/div><\/div><\/div><\/div><div class=\"boldRow  \" style=\"max-width:1180px;margin:auto\"><div class=\"boldRowInner\"><div class=\"rowItem col-md-3 col-sm-6 col-ms-12 btTextLeft inherit lekarskaVysetreni minHeight\" style=\"padding-left:0\" ><div class=\"rowItemContent\" ><div class=\"btClear btSeparator bottomSmallSpaced noBorder\" ><hr><\/div><header class=\"header btClear small header-white btNormalDash\" ><div class=\"btSuperTitle\">Infekce<\/div><\/header><div class=\"btText\" ><\/p>\n<p><span style=\"color: #ffffff;\">Infek\u010dn\u00ed nemoci jsou nemoci, jejich\u017e p\u0159\u00ed\u010dinou jsou nejr\u016fzn\u011bj\u0161\u00ed mikroorganismy &#8211; viry, bakterie, pl\u00edsn\u011b \u010di parazit\u00e9. V\u011bt\u0161ina z nich je p\u0159enosn\u00e1 na \u010dlov\u011bka z jin\u00e9ho \u010dlov\u011bka \u010di zv\u00ed\u0159ete, nebo tak\u00e9 ze zne\u010di\u0161t\u011bn\u00e9 vody, p\u016fdy \u010di potravin. Infekce nej\u010dast\u011bji postihuje jeden org\u00e1n, p\u0159\u00edpadn\u011b jednu org\u00e1novou soustavu [&#8230;]<\/span><\/p>\n<p>\n<\/div><div class=\"btClear btSeparator bottomSmallSpaced noBorder\" ><hr><\/div><a href=\"https:\/\/www.mc-praha.cz\/mcp\/infekce\/\" class=\"btBtn btBtn btnOutlineStyle btnNormalColor btnSmall btnNormalWidth btn-round noTransitionDelay btnInlinePosition btnIco\"  target=\"_blank\"><span class=\"btIco \" ><span  data-ico-f5=\"&#xf061;\" class=\"btIcoHolder\"><em><\/em><\/span><\/span><\/a><div class=\"btClear btSeparator bottomSmallSpaced noBorder\" ><hr><\/div><\/div><\/div><div class=\"rowItem col-md-3 col-sm-6 col-ms-12 btTextLeft inherit lekarskaVysetreni minHeight\"  ><div class=\"rowItemContent\" ><div class=\"btClear btSeparator bottomSmallSpaced noBorder\" ><hr><\/div><header class=\"header btClear small header-white btNormalDash\" ><div class=\"btSuperTitle\">Kl\u00ed\u0161\u0165ata, hmyz<\/div><\/header><div class=\"btText\" ><\/p>\n<p>Mezi p\u0159ena\u0161e\u010de infek\u010dn\u00edch onemocn\u011bn\u00ed nepat\u0159\u00ed pouze kl\u00ed\u0161\u0165ata ale i r\u016fzn\u00e9 druhy hmyzu. S m\u011bn\u00edc\u00edmi se klimatick\u00fdmi podm\u00ednkami je nav\u00edc pot\u0159eba m\u00edt na pam\u011bti mo\u017enost v\u00fdskytu u n\u00e1s doposud jen vz\u00e1cn\u011b zaznamenan\u00fdch p\u0159ena\u0161e\u010d\u016f a s nimi souvisej\u00edc\u00edch infekc\u00ed.<\/p>\n<p>\n<\/div><div class=\"btClear btSeparator bottomSmallSpaced noBorder\" ><hr><\/div><a href=\"https:\/\/www.mc-praha.cz\/mcp\/klistata-a-hmyz\/\" class=\"btBtn btBtn btnOutlineStyle btnNormalColor btnSmall btnNormalWidth btn-round noTransitionDelay btnInlinePosition btnIco\"  target=\"_blank\"><span class=\"btIco \" ><span  data-ico-f5=\"&#xf061;\" class=\"btIcoHolder\"><em><\/em><\/span><\/span><\/a><div class=\"btClear btSeparator bottomSmallSpaced noBorder\" ><hr><\/div><\/div><\/div><div class=\"rowItem col-md-3 col-sm-6 col-ms-12 btTextLeft inherit lekarskaVysetreni minHeight\"  ><div class=\"rowItemContent\" ><div class=\"btClear btSeparator bottomSmallSpaced noBorder\" ><hr><\/div><header class=\"header btClear small header-white btNormalDash\" ><div class=\"btSuperTitle\">Venerologie<\/div><\/header><div class=\"btText\" ><\/p>\n<p><span style=\"color: #ffffff;\">Pohlavn\u00ed choroby jsou \u010dasto br\u00e1ny jako jist\u00e9 tabu. Pokud m\u00e1te podez\u0159en\u00ed, je pot\u0159eba zdravotn\u00ed probl\u00e9my \u0159e\u0161it. Nab\u00edz\u00edme diskr\u00e9tn\u00ed, kvalitn\u00ed a rychl\u00e9 vy\u0161et\u0159en\u00ed. Mezi \u010dast\u00e9 pohlavn\u00ed nemoci pat\u0159\u00ed chlamydiov\u00e9 infekce, mykoplazmov\u00e9 infekce, kapavka, syfilis \u010di HIV.<\/span><\/p>\n<p>\n<\/div><div class=\"btClear btSeparator bottomSmallSpaced noBorder\" ><hr><\/div><a href=\"https:\/\/www.mc-praha.cz\/mcp\/venerologie\/\" class=\"btBtn btBtn btnOutlineStyle btnNormalColor btnSmall btnNormalWidth btn-round noTransitionDelay btnInlinePosition btnIco\"  target=\"_blank\"><span class=\"btIco \" ><span  data-ico-f5=\"&#xf061;\" class=\"btIcoHolder\"><em><\/em><\/span><\/span><\/a><div class=\"btClear btSeparator bottomSmallSpaced noBorder\" ><hr><\/div><\/div><\/div><div class=\"rowItem col-md-3 col-sm-6 col-ms-12 btTextLeft inherit lekarskaVysetreni minHeight\" style=\"padding-right:0\" ><div class=\"rowItemContent\" ><header class=\"header btClear small header-white btNormalDash\" ><div class=\"btSuperTitle\">HIV<\/div><\/header><div class=\"btText\" ><\/p>\n<p><span style=\"color: #ffffff;\">Virus HIV zap\u0159\u00ed\u010di\u0148uje onemocn\u011bn\u00ed s r\u016fznou, ale v\u017edy velice dlouhou inkuba\u010dn\u00ed dobou, kter\u00e1 m\u016f\u017ee b\u00fdt i n\u011bkolik let, ne\u017e jsou pozorov\u00e1ny jasn\u00e9 p\u0159\u00edznaky onemocn\u011bn\u00ed. V\u00a0sou\u010dasn\u00e9 dob\u011b se pozornost l\u00e9ka\u0159\u016f a v\u011bdc\u016f zam\u011b\u0159uje na mo\u017enou budouc\u00ed formu l\u00e9\u010dby HIV a to pomoc\u00ed genov\u00e9 terapie.<br \/>\n<\/span><\/p>\n<p>\n<\/div><div class=\"btClear btSeparator bottomSmallSpaced noBorder\" ><hr><\/div><a href=\"https:\/\/www.mc-praha.cz\/mcp\/hiv\/\" class=\"btBtn btBtn btnOutlineStyle btnNormalColor btnSmall btnNormalWidth btn-round noTransitionDelay btnInlinePosition btnIco\"  target=\"_blank\"><span class=\"btIco \" ><span  data-ico-f5=\"&#xf061;\" class=\"btIcoHolder\"><em><\/em><\/span><\/span><\/a><div class=\"btClear btSeparator bottomSmallSpaced noBorder\" ><hr><\/div><\/div><\/div><\/div><\/div><\/div><\/div><\/div><\/section><section id=\"bt_section69fe00193642f\"  class=\"boldSection topSemiSpaced bottomSemiSpaced gutter inherit headerNarrowWidth vysetreni vysetreniDetail\" ><div class=\"port\"><div class=\"boldCell\"><div class=\"boldCellInner\"><div class=\"boldRow  \" ><div class=\"boldRowInner\"><div class=\"rowItem col-md-12 col-ms-12  btTextLeft\"  ><div class=\"rowItemContent\" ><div class=\"btText\" ><\/p>\n<p>D\u00e1le poskytujeme odborn\u00e1 vy\u0161et\u0159en\u00ed v\u00a0t\u011bchto oblastech: <a href=\"https:\/\/www.mc-praha.cz\/mcp\/onkologie\/\" target=\"_blank\" rel=\"noopener noreferrer\">onkologie<\/a>, <a href=\"https:\/\/www.mc-praha.cz\/mcp\/nemoci-vlasu\/\" target=\"_blank\" rel=\"noopener noreferrer\">nemoci vlas\u016f<\/a>, <a href=\"https:\/\/www.mc-praha.cz\/mcp\/starnuti\/\" target=\"_blank\" rel=\"noopener noreferrer\">st\u00e1rnut\u00ed<\/a>, <a href=\"https:\/\/www.mc-praha.cz\/mcp\/vitiligo\/\" target=\"_blank\" rel=\"noopener noreferrer\">vitiligo, <\/a><a href=\"https:\/\/www.mc-praha.cz\/mcp\/fibromyalgie\/\">fibromyalgie<\/a>.<\/p>\n<p>\n<\/div><\/div><\/div><\/div><\/div><\/div><\/div><\/div><\/section><\/p>\n","protected":false},"excerpt":{"rendered":"","protected":false},"author":7,"featured_media":0,"parent":0,"menu_order":0,"comment_status":"closed","ping_status":"closed","template":"","meta":{"_uag_custom_page_level_css":""},"uagb_featured_image_src":{"full":false,"thumbnail":false,"medium":false,"medium_large":false,"large":false,"1536x1536":false,"2048x2048":false,"boldthemes_grid":false,"boldthemes_grid_11":false,"boldthemes_grid_22":false,"boldthemes_grid_21":false,"boldthemes_grid_12":false,"boldthemes_latest_posts":false,"boldthemes_grid_gallery":false},"uagb_author_info":{"display_name":"Jbednar","author_link":"https:\/\/www.mc-praha.cz\/mcp\/author\/jbednar\/"},"uagb_comment_info":0,"uagb_excerpt":null,"post_mailing_queue_ids":[],"_links":{"self":[{"href":"https:\/\/www.mc-praha.cz\/mcp\/wp-json\/wp\/v2\/pages\/1084"}],"collection":[{"href":"https:\/\/www.mc-praha.cz\/mcp\/wp-json\/wp\/v2\/pages"}],"about":[{"href":"https:\/\/www.mc-praha.cz\/mcp\/wp-json\/wp\/v2\/types\/page"}],"author":[{"embeddable":true,"href":"https:\/\/www.mc-praha.cz\/mcp\/wp-json\/wp\/v2\/users\/7"}],"replies":[{"embeddable":true,"href":"https:\/\/www.mc-praha.cz\/mcp\/wp-json\/wp\/v2\/comments?post=1084"}],"version-history":[{"count":103,"href":"https:\/\/www.mc-praha.cz\/mcp\/wp-json\/wp\/v2\/pages\/1084\/revisions"}],"predecessor-version":[{"id":4117,"href":"https:\/\/www.mc-praha.cz\/mcp\/wp-json\/wp\/v2\/pages\/1084\/revisions\/4117"}],"wp:attachment":[{"href":"https:\/\/www.mc-praha.cz\/mcp\/wp-json\/wp\/v2\/media?parent=1084"}],"curies":[{"name":"wp","href":"https:\/\/api.w.org\/{rel}","templated":true}]}}