{"id":1882,"date":"2018-11-26T08:26:27","date_gmt":"2018-11-26T07:26:27","guid":{"rendered":"http:\/\/www.mc-praha.cz\/mcp\/?page_id=1882"},"modified":"2026-04-21T14:24:45","modified_gmt":"2026-04-21T12:24:45","slug":"ulozeni-kmenovych-bunek","status":"publish","type":"page","link":"https:\/\/www.mc-praha.cz\/mcp\/ulozeni-kmenovych-bunek\/","title":{"rendered":"Ulo\u017een\u00ed kmenov\u00fdch bun\u011bk"},"content":{"rendered":"<p><section id=\"bt_section69f561677159a\"  class=\"boldSection topSemiSpaced bottomSemiSpaced gutter inherit headerNarrowWidth vysetreni vysetreniDetail\" ><div class=\"port\"><div class=\"boldCell\"><div class=\"boldCellInner\"><div class=\"boldRow  \" ><div class=\"boldRowInner\"><div class=\"rowItem col-md-12 col-ms-12  btTextLeft\"  ><div class=\"rowItemContent\" ><header class=\"header btClear medium header-blue btNormalDash\" ><div class=\"btSuperTitle\">Ulo\u017een\u00ed kmenov\u00fdch bun\u011bk<\/div><div class=\"dash\"><h3><span class=\"headline\">Ulo\u017een\u00ed kmenov\u00fdch bun\u011bk<\/span><\/h3><\/div><\/header><div class=\"btText\" ><\/p>\n<p>\n<strong>Nad\u010dasov\u00fdm preventivn\u00edm n\u00e1strojem je v\u010dasn\u00e9\u00a0<a href=\"http:\/\/www.genetickabanka.cz\/\">ulo\u017een\u00ed vlastn\u00edch kmenov\u00fdch bun\u011bk<\/a>. Nov\u00e9 technologie a pokroky ve v\u011bd\u011b umo\u017e\u0148uj\u00ed bezbolestn\u00fd <a href=\"http:\/\/www.mc-praha.cz\/mcp\/projekty-kmenove-bunky\/\">odb\u011br hematopoetick\u00fdch a mezenchym\u00e1ln\u00edch kmenov\u00fdch bun\u011bk<\/a>.<\/strong><\/p>\n<p>V\u00fdznam preventivn\u00edho ulo\u017een\u00ed z\u00e1rode\u010dn\u00fdch bun\u011bk roste s rostouc\u00ed hrozbou radiace,\u00a0chemick\u00e9ho zamo\u0159en\u00ed apod. Ulo\u017een\u00e9 bu\u0148ky jsou chr\u00e1n\u011bn\u00e9 p\u0159ed ne\u017e\u00e1douc\u00edmi vlivy, kter\u00fdm jsme v ka\u017edodenn\u00edm p\u0159irozen\u00e9m \u017eivot\u011b vystaveni.<\/p>\n<p>Ulo\u017een\u00e9 bu\u0148ky maj\u00ed zpomalen\u00fd metabolismus, proto <a href=\"http:\/\/www.mc-praha.cz\/mcp\/starnuti\/\">st\u00e1rnou pomaleji<\/a>. Mohou tak v budoucnu pomoci v r\u00e1mci zpomalen\u00ed degenerativn\u00edch zm\u011bn spojen\u00fdch s opot\u0159eben\u00edm a st\u00e1rnut\u00edm organismu.<\/p>\n<p>V\u011bkem sl\u00e1bne n\u00e1\u0161 imunitn\u00ed syst\u00e9m, <a href=\"http:\/\/www.mc-praha.cz\/mcp\/imunologie\/\">preventivn\u00edm uchov\u00e1n\u00edm neoslaben\u00fdch a nepo\u0161kozen\u00fdch hematopoetick\u00fdch (krvetvorn\u00fdch) bun\u011bk<\/a>, m\u016f\u017eeme zpomalit st\u00e1rnut\u00ed imunity nebo dokonce obnovit po\u0161kozenou imunitu (nemoci, toxick\u00e9 l\u00e1tky, radiace, infekce (<a href=\"http:\/\/www.mc-praha.cz\/mcp\/hiv\/\">nap\u0159. HIV<\/a>).<\/p>\n<p>Preventivn\u00ed ulo\u017een\u00ed mlad\u00fdch a neoslaben\u00fdch hematopoetick\u00fdch kmenov\u00fdch bun\u011bk m\u016f\u017ee v\u00fdznamn\u011b <a href=\"http:\/\/www.mc-praha.cz\/mcp\/onkologie\/\">usnadnit rekonvalescenci imunity a organismu po onkologick\u00e9 l\u00e9\u010db\u011b<\/a> (chemoterapie, radioterapie apod.).<\/p>\n<p>Preventivn\u00ed ulo\u017een\u00ed a ochrana vlastn\u00edch kmenov\u00fdch bun\u011bk m\u00e1 nejen zdravotn\u00ed ale i v\u00fdrazn\u00fd ekonomick\u00fd p\u0159\u00ednos. Vyu\u017eit\u00ed vlastn\u00edch bun\u011bk k l\u00e9\u010db\u011b je spojeno s v\u011bt\u0161\u00ed \u0161anc\u00ed na skute\u010dn\u00e9 vyl\u00e9\u010den\u00ed.<\/p>\n<p>Velmi zaj\u00edmavou problematikou je tzv. <a href=\"http:\/\/www.mc-praha.cz\/mcp\/projekty-zdrava-stolice\/\">mikrobiom<\/a>. Odborn\u00e1, dnes i laick\u00e1 ve\u0159ejnost, si je velmi dob\u0159e v\u011bdoma z\u00e1sadn\u00edho zdravotn\u00edho v\u00fdznamu st\u0159evn\u00ed mikrobioty. Celosv\u011btov\u011b se buduj\u00ed &#8222;banky&#8220; pro preventivn\u00ed <a href=\"http:\/\/www.mc-praha.cz\/mcp\/projekty-zdrava-stolice\/\">ulo\u017een\u00ed vlastn\u00edho st\u0159evn\u00edho mikrobiomu<\/a>, i tento trend odpov\u00edd\u00e1 <a href=\"http:\/\/www.mc-praha.cz\/mcp\/o-nas\/\">na\u0161\u00ed filozofii<\/a>.<\/p>\n<p>\n<\/div><\/div><\/div><\/div><\/div><\/div><\/div><\/div><\/section><section id=\"bt_section69f5616771971\"  class=\"boldSection gutter fullScreenHeight inherit projects\" ><div class=\"port\"><div class=\"boldCell\"><div class=\"boldCellInner\"><div class=\"boldRow  \" style=\"max-width:1180px;margin:auto\"><div class=\"boldRowInner\"><div class=\"rowItem col-md-3 col-sm-6 col-ms-12 btTextLeft inherit lekarskaVysetreni minHeight\" style=\"padding-left:0\" ><div class=\"rowItemContent\" ><div class=\"btClear btSeparator bottomSmallSpaced noBorder\" ><hr><\/div><header class=\"header btClear small header-white btNormalDash\" ><div class=\"btSuperTitle\">Pupe\u010dn\u00edkov\u00e1 krev<\/div><\/header><div class=\"btText\" ><\/p>\n<p>\nPupe\u010dn\u00edkov\u00e1 krev se nach\u00e1z\u00ed v placent\u011b a pupe\u010dn\u00ed \u0161\u0148\u016f\u0159e novorozenc\u016f a je jedine\u010dn\u00fdm zdrojem hematopoetick\u00fdch kmenov\u00fdch bun\u011bk. Jedn\u00e1 se o z\u00e1rode\u010dn\u00e9 bu\u0148ky, ze kter\u00fdch se formuj\u00ed \u010derven\u00e9 krvinky, krevn\u00ed desti\u010dky a bu\u0148ky imunitn\u00edho syst\u00e9mu.\u00a0V\u011bkem koncentrace t\u011bchto bun\u011bk v\u00fdznamn\u011b kles\u00e1, t\u00edmto se sni\u017euje regenera\u010dn\u00ed [&#8230;]<\/p>\n<p>\n<\/div><div class=\"btClear btSeparator bottomSmallSpaced noBorder\" ><hr><\/div><a href=\"http:\/\/www.mc-praha.cz\/mcp\/pupecnikova_krev\/\" class=\"btBtn btBtn btnOutlineStyle btnNormalColor btnSmall btnNormalWidth btn-round noTransitionDelay btnInlinePosition btnIco\"  target=\"_blank\"><span class=\"btIco \" ><span  data-ico-f5=\"&#xf061;\" class=\"btIcoHolder\"><em><\/em><\/span><\/span><\/a><div class=\"btClear btSeparator bottomSmallSpaced noBorder\" ><hr><\/div><\/div><\/div><div class=\"rowItem col-md-3 col-sm-6 col-ms-12 btTextLeft inherit lekarskaVysetreni minHeight\"  ><div class=\"rowItemContent\" ><div class=\"btClear btSeparator bottomSmallSpaced noBorder\" ><hr><\/div><header class=\"header btClear small header-white btNormalDash\" ><div class=\"btSuperTitle\">Perifern\u00ed krev<\/div><\/header><div class=\"btText\" ><\/p>\n<p>\nKmenov\u00e9 bu\u0148ky jsou vz\u00e1cnou slo\u017ekou na\u0161\u00ed krve. Tzv. hematopoetick\u00e9 kmenov\u00e9 bu\u0148ky jsou z\u00e1rode\u010dn\u00fdm zdrojem \u010derven\u00fdch a b\u00edl\u00fdch krvinek. \u010cerven\u00e9 krvinky distribuuj\u00ed kysl\u00edk, b\u00edl\u00e9 jsou z\u00e1kladem na\u0161eho imunitn\u00edho syst\u00e9mu. Hematopoetick\u00e9 kmenov\u00e9 bu\u0148ky tak zaji\u0161\u0165uj\u00ed \u017eivotn\u011b d\u016fle\u017eit\u00e9 funkce [&#8230;]<\/p>\n<p>\n<\/div><div class=\"btClear btSeparator bottomSmallSpaced noBorder\" ><hr><\/div><a href=\"http:\/\/www.mc-praha.cz\/mcp\/periferni-krev\/\" class=\"btBtn btBtn btnOutlineStyle btnNormalColor btnSmall btnNormalWidth btn-round noTransitionDelay btnInlinePosition btnIco\"  target=\"_blank\"><span class=\"btIco \" ><span  data-ico-f5=\"&#xf061;\" class=\"btIcoHolder\"><em><\/em><\/span><\/span><\/a><div class=\"btClear btSeparator bottomSmallSpaced noBorder\" ><hr><\/div><\/div><\/div><div class=\"rowItem col-md-3 col-sm-6 col-ms-12 btTextLeft inherit lekarskaVysetreni minHeight\"  ><div class=\"rowItemContent\" ><div class=\"btClear btSeparator bottomSmallSpaced noBorder\" ><hr><\/div><header class=\"header btClear small header-white btNormalDash\" ><div class=\"btSuperTitle\">Spermie<\/div><\/header><div class=\"btText\" ><\/p>\n<p>V r\u00e1mci projektu reproduk\u010dn\u00ed medic\u00edny se zam\u011b\u0159ujeme na preventivn\u00ed vy\u0161et\u0159en\u00ed spermi\u00ed s c\u00edlem v\u010dasn\u00e9ho odhalen\u00ed mo\u017en\u00fdch poruch plodnosti a celkov\u00e9ho reproduk\u010dn\u00edho zdrav\u00ed mu\u017ee. Sou\u010d\u00e1st\u00ed vy\u0161et\u0159en\u00ed je podrobn\u00e1 anal\u00fdza spermiogramu, kterou lze individu\u00e1ln\u011b roz\u0161\u00ed\u0159it [&#8230;]<\/p>\n<p>\n<\/div><div class=\"btClear btSeparator bottomSmallSpaced noBorder\" ><hr><\/div><a href=\"http:\/\/www.mc-praha.cz\/mcp\/spermie\/\" class=\"btBtn btBtn btnOutlineStyle btnNormalColor btnSmall btnNormalWidth btn-round noTransitionDelay btnInlinePosition btnIco\"  target=\"_blank\"><span class=\"btIco \" ><span  data-ico-f5=\"&#xf061;\" class=\"btIcoHolder\"><em><\/em><\/span><\/span><\/a><div class=\"btClear btSeparator bottomSmallSpaced noBorder\" ><hr><\/div><\/div><\/div><div class=\"rowItem col-md-3 col-sm-6 col-ms-12 btTextLeft inherit lekarskaVysetreni minHeight\" style=\"padding-right:0\" ><div class=\"rowItemContent\" ><div class=\"btClear btSeparator bottomSmallSpaced noBorder\" ><hr><\/div><header class=\"header btClear small header-white btNormalDash\" ><div class=\"btSuperTitle\">Mikrobiom<\/div><\/header><div class=\"btText\" ><\/p>\n<p>Symbiotick\u00e9 mikroorganismy se pod\u00edl\u00ed na mnoha funkc\u00edch zdrav\u00e9ho lidsk\u00e9ho t\u011bla. Naru\u0161en\u00ed mikrobi\u00e1ln\u00edch spole\u010denstv\u00ed (dysbi\u00f3za) je spojeno s celou \u0159adou zdravotn\u00edch stav\u016f, mimo jin\u00e9 s obezitou, Crohnovou nemoc\u00ed, ulcer\u00f3zn\u00ed kolitidou, n\u011bkter\u00fdmi typy rakoviny nebo cukrovkou prvn\u00edho typu, ale i se psychick\u00fdmi stavy [&#8230;]<\/p>\n<p>\n<\/div><div class=\"btClear btSeparator bottomSmallSpaced noBorder\" ><hr><\/div><a href=\"http:\/\/www.mc-praha.cz\/mcp\/mikrobiom\/\" class=\"btBtn btBtn btnOutlineStyle btnNormalColor btnSmall btnNormalWidth btn-round noTransitionDelay btnInlinePosition btnIco\"  target=\"_blank\"><span class=\"btIco \" ><span  data-ico-f5=\"&#xf061;\" class=\"btIcoHolder\"><em><\/em><\/span><\/span><\/a><div class=\"btClear btSeparator bottomSmallSpaced noBorder\" ><hr><\/div><\/div><\/div><\/div><\/div><\/div><\/div><\/div><\/section><section id=\"bt_section69f5616771fa9\"  class=\"boldSection gutter\" ><div class=\"port\"><div class=\"boldCell\"><div class=\"boldCellInner\"><div class=\"boldRow  \" ><div class=\"boldRowInner\"><div class=\"rowItem col-md-12 col-ms-12  btTextLeft\"  ><div class=\"rowItemContent\" ><div class=\"btClear btSeparator topSemiSpaced bottomSemiSpaced noBorder\" ><hr><\/div><\/div><\/div><\/div><\/div><\/div><\/div><\/div><\/section><\/p>\n","protected":false},"excerpt":{"rendered":"","protected":false},"author":7,"featured_media":0,"parent":0,"menu_order":0,"comment_status":"closed","ping_status":"closed","template":"","meta":{"_uag_custom_page_level_css":""},"uagb_featured_image_src":{"full":false,"thumbnail":false,"medium":false,"medium_large":false,"large":false,"1536x1536":false,"2048x2048":false,"boldthemes_grid":false,"boldthemes_grid_11":false,"boldthemes_grid_22":false,"boldthemes_grid_21":false,"boldthemes_grid_12":false,"boldthemes_latest_posts":false,"boldthemes_grid_gallery":false},"uagb_author_info":{"display_name":"Jbednar","author_link":"https:\/\/www.mc-praha.cz\/mcp\/author\/jbednar\/"},"uagb_comment_info":0,"uagb_excerpt":null,"post_mailing_queue_ids":[],"_links":{"self":[{"href":"https:\/\/www.mc-praha.cz\/mcp\/wp-json\/wp\/v2\/pages\/1882"}],"collection":[{"href":"https:\/\/www.mc-praha.cz\/mcp\/wp-json\/wp\/v2\/pages"}],"about":[{"href":"https:\/\/www.mc-praha.cz\/mcp\/wp-json\/wp\/v2\/types\/page"}],"author":[{"embeddable":true,"href":"https:\/\/www.mc-praha.cz\/mcp\/wp-json\/wp\/v2\/users\/7"}],"replies":[{"embeddable":true,"href":"https:\/\/www.mc-praha.cz\/mcp\/wp-json\/wp\/v2\/comments?post=1882"}],"version-history":[{"count":23,"href":"https:\/\/www.mc-praha.cz\/mcp\/wp-json\/wp\/v2\/pages\/1882\/revisions"}],"predecessor-version":[{"id":4748,"href":"https:\/\/www.mc-praha.cz\/mcp\/wp-json\/wp\/v2\/pages\/1882\/revisions\/4748"}],"wp:attachment":[{"href":"https:\/\/www.mc-praha.cz\/mcp\/wp-json\/wp\/v2\/media?parent=1882"}],"curies":[{"name":"wp","href":"https:\/\/api.w.org\/{rel}","templated":true}]}}