{"id":426,"date":"2018-10-30T19:49:52","date_gmt":"2018-10-30T18:49:52","guid":{"rendered":"http:\/\/www.mc-praha.cz\/mcp\/?page_id=426"},"modified":"2026-03-11T09:36:38","modified_gmt":"2026-03-11T08:36:38","slug":"footer","status":"publish","type":"page","link":"https:\/\/www.mc-praha.cz\/mcp\/footer\/","title":{"rendered":"Footer"},"content":{"rendered":"<p><section id=\"kontaktujteNas\"  class=\"boldSection gutter inherit boxedbezodsazeni\" style=\"background-color:#e2f1fa;\"><div class=\"port\"><div class=\"boldCell\"><div class=\"boldCellInner\"><div class=\"boldRow  \" ><div class=\"boldRowInner\"><div class=\"rowItem col-md-12 col-ms-12  btTextLeft inherit prispevkyFooter\"  ><div class=\"rowItemContent\" ><div class=\"btClear btSeparator topSemiSpaced noBorder\" ><hr><\/div><header class=\"header btClear large header-blue btNormalDash\" ><div class=\"dash\"><h2><span class=\"headline\">kontaktujte n\u00e1s<\/span><\/h2><\/div><\/header><div class=\"btClear btSeparator bottomSemiSpaced noBorder\" ><hr><\/div><\/div><\/div><\/div><\/div><\/div><\/div><\/div><\/section><section id=\"bt_section69d1ebb64305a\"  class=\"boldSection inherit\" style=\"position: relative;\"><div class=\"port\"><div class=\"boldCell\"><div class=\"boldCellInner\"><div class=\"boldRow map-responsive \" ><div class=\"boldRowInner\"><div class=\"rowItem col-md-12 col-ms-12  btTextLeft inherit\"  ><div class=\"rowItemContent\" ><iframe src=\"https:\/\/www.google.com\/maps\/embed?pb=!1m18!1m12!1m3!1d421.6715676648311!2d14.400916807125373!3d50.01262240466996!2m3!1f0!2f0!3f0!3m2!1i1024!2i768!4f13.1!3m3!1m2!1s0x470b96b8e2c352c9%3A0x335b23d8015b22c!2sMedic%C3%ADnsk%C3%A9+centrum+Praha+s.r.o.!5e0!3m2!1scs!2scz!4v1540921067410\" width=\"600\" height=\"250\" frameborder=\"0\" style=\"border:0;height:500px\" allowfullscreen><\/iframe><\/div><\/div><\/div><\/div><div class=\"boldRow map-description \" ><div class=\"boldRowInner\"><div class=\"rowItem col-md-8 col-ms-12 btTextLeft\"  ><div class=\"rowItemContent\" ><\/div><\/div><div class=\"rowItem col-md-4 col-ms-12 btTextLeft inherit btGoogleMapsWrap\"  ><div class=\"rowItemContent\" ><div class=\"bpgPhoto btTextCenter placeholderMapa\" ><div class = \"btImage\"><img src=\"https:\/\/www.mc-praha.cz\/mcp\/wp-content\/uploads\/2018\/11\/placeholder-mapa.png\" alt=\"\" ><\/div><\/div><div class=\"btText\" ><\/p>\n<p>\n<span class=\"textMapa\"><strong>Medic\u00ednsk\u00e9 centrum Praha\u00a0s.r.o.<\/strong><br \/>\nMezi Vodami 205\/29<br \/>\n143 00 Praha 4<br \/>\n<\/span><span class=\"textMapa\">I\u010c: 25032119, DI\u010c: CZ25032119<br \/>\n\u010d. \u00fa.: 1966496379\/0800<\/span><\/p>\n<p><span class=\"textMapa\">Tel.: +420 270 003 562<br \/>\nFax:\u00a0+420 225 152 036<br \/>\n<\/span><span class=\"textMapa\">info@mc-praha.cz<\/span><\/p>\n<p>\n<\/div><div class=\"btClear btSeparator bottomSmallSpaced noBorder\" ><hr><\/div><div class=\"btText\" ><\/p>\n<p><span class=\"textMapa\"><strong>Recepce<br \/><\/strong><\/span><span class=\"textMapa\">Tel.: +420 270 003 562 \/ 564<br \/>recepce@mc-praha.cz<\/span><\/p>\n<p><span class=\"textMapa\"><strong>Office manager<\/strong><br \/>Mgr. Angelika Fialkov\u00e1<br \/>Tel.: +420 270 003 589<br \/>angelika.fialkova@mc-praha.cz<\/span><\/p>\n<p><span class=\"textMapa\"><strong>Hlavn\u00ed sestra<\/strong><br \/>Pavla Schubertov\u00e1, Dis.<br \/>pavla.schubertova@mc-praha.cz<\/span><\/p>\n<p><span class=\"textMapa\"><strong>Vedouc\u00ed l\u00e9ka\u0159<\/strong><br \/>MUDr. Radek Klubal<br \/>klubal@mc-praha.cz<\/span><\/p>\n<p>\n<\/div><\/div><\/div><\/div><\/div><\/div><\/div><\/div><\/section><section id=\"bt_section69d1ebb6436c8\"  class=\"boldSection gutter inherit kontaktMarginTop\" style=\"background-color:#e2f1fa;\"><div class=\"port\"><div class=\"boldCell\"><div class=\"boldCellInner\"><div class=\"boldRow  \" ><div class=\"boldRowInner\"><div class=\"rowItem col-md-12 col-ms-12  btTextLeft\"  ><div class=\"rowItemContent\" ><div class=\"btClear btSeparator topSemiSpaced noBorder\" ><hr><\/div><header class=\"header btClear medium header-blue marginTop btNormalDash\" ><div class=\"dash\"><h3><span class=\"headline\">kontaktn\u00ed formul\u00e1\u0159<\/span><\/h3><\/div><\/header><div class=\"btClear btSeparator bottomSemiSpaced noBorder\" ><hr><\/div><\/div><\/div><\/div><\/div><\/div><\/div><\/div><\/section><section id=\"bt_section69d1ebb6437dd\"  class=\"boldSection gutter inherit contactForm\" style=\"background-color:#e2f1fa;\"><div class=\"port\"><div class=\"boldCell\"><div class=\"boldCellInner\"><div class=\"boldRow  \" ><div class=\"boldRowInner\"><div class=\"rowItem col-md-8 col-ms-12 btTextLeft inherit contact-form\"  ><div class=\"rowItemContent\" ><div class=\"btText\" ><\/p>\n<div class=\"wpcf7 no-js\" id=\"wpcf7-f4-o1\" lang=\"cs-CZ\" dir=\"ltr\">\n<div class=\"screen-reader-response\">\n<p role=\"status\" aria-live=\"polite\" aria-atomic=\"true\">\n<ul><\/ul>\n<\/div>\n<form action=\"\/mcp\/wp-json\/wp\/v2\/pages\/426#wpcf7-f4-o1\" method=\"post\" class=\"wpcf7-form init\" aria-label=\"Kontaktn\u00ed formul\u00e1\u0159\" novalidate=\"novalidate\" data-status=\"init\">\n<div style=\"display: none;\">\n<input type=\"hidden\" name=\"_wpcf7\" value=\"4\" \/><br \/>\n<input type=\"hidden\" name=\"_wpcf7_version\" value=\"5.7.7\" \/><br \/>\n<input type=\"hidden\" name=\"_wpcf7_locale\" value=\"cs_CZ\" \/><br \/>\n<input type=\"hidden\" name=\"_wpcf7_unit_tag\" value=\"wpcf7-f4-o1\" \/><br \/>\n<input type=\"hidden\" name=\"_wpcf7_container_post\" value=\"0\" \/><br \/>\n<input type=\"hidden\" name=\"_wpcf7_posted_data_hash\" value=\"\" \/><br \/>\n<input type=\"hidden\" name=\"_wpcf7_recaptcha_response\" value=\"\" \/>\n<\/div>\n<p><span class=\"wpcf7-form-control-wrap\" data-name=\"your-name\"><input size=\"40\" class=\"wpcf7-form-control wpcf7-text wpcf7-validates-as-required\" aria-required=\"true\" aria-invalid=\"false\" placeholder=\"Jm\u00e9no a p\u0159\u00edjmen\u00ed (povinn\u00e9)\" value=\"\" type=\"text\" name=\"your-name\" \/><\/span><br \/>\n<span class=\"wpcf7-form-control-wrap\" data-name=\"your-email\"><input size=\"40\" class=\"wpcf7-form-control wpcf7-text wpcf7-email wpcf7-validates-as-required wpcf7-validates-as-email\" aria-required=\"true\" aria-invalid=\"false\" placeholder=\"E-mail (povinn\u00e9)\" value=\"\" type=\"email\" name=\"your-email\" \/><\/span><br \/>\n<span class=\"wpcf7-form-control-wrap\" data-name=\"your-tel\"><input size=\"40\" class=\"wpcf7-form-control wpcf7-text wpcf7-tel wpcf7-validates-as-tel\" aria-invalid=\"false\" placeholder=\"Telefon\" value=\"\" type=\"tel\" name=\"your-tel\" \/><\/span><br \/>\n<span class=\"wpcf7-form-control-wrap\" data-name=\"your-message\"><textarea cols=\"40\" rows=\"10\" class=\"wpcf7-form-control wpcf7-textarea\" aria-invalid=\"false\" placeholder=\"Text zpr\u00e1vy\" name=\"your-message\"><\/textarea><\/span><br \/>\n<input class=\"wpcf7-form-control has-spinner wpcf7-submit\" type=\"submit\" value=\"odeslat\" \/>\n<\/p>\n<div class=\"wpcf7-response-output\" aria-hidden=\"true\"><\/div>\n<\/form>\n<\/div>\n<p>\n<\/div><\/div><\/div><div class=\"rowItem col-md-2  col-sm-4 col-ms-12 btTextLeft inherit recepce\"  ><div class=\"rowItemContent\" ><div class=\"bpgPhoto btTextCenter\" ><div class = \"btImage\"><img src=\"https:\/\/www.mc-praha.cz\/mcp\/wp-content\/uploads\/2018\/11\/015_Makato_portretovka_avatar-1.png\" alt=\"\" ><\/div><\/div><div class=\"btClear btSeparator bottomSmallSpaced noBorder\" ><hr><\/div><header class=\"header btClear small header-blue btNormalDash\" ><div class=\"dash\"><h4><span class=\"headline\">Recepce<\/span><\/h4><\/div><\/header><div class=\"btText\" ><\/p>\n<p>\n<\/div><div class=\"btClear btSeparator bottomSmallSpaced noBorder\" ><hr><\/div><div class=\"btText\" ><\/p>\n<p>\n<span class=\"recepceKontakty\" style=\"color: #9b9b9b; font-weight: 800; font-size: 12px;\">+420 270 003 562<br \/>\n+420 270 003 564<br \/>\n+420 246 028 543<br \/>\n<a href=\"mailto:recepce@mc-praha.cz\">recpce@mc-praha.cz<\/a><\/span><\/p>\n<p>\n<\/div><\/div><\/div><div class=\"rowItem col-md-2  col-sm-4 col-ms-12 btTextLeft inherit recepce\"  ><div class=\"rowItemContent\" ><div class=\"bpgPhoto btTextCenter\" ><div class = \"btImage\"><img src=\"https:\/\/www.mc-praha.cz\/mcp\/wp-content\/uploads\/2018\/11\/015_Makato_portretovka_avatar-1.png\" alt=\"\" ><\/div><\/div><div class=\"btClear btSeparator bottomSmallSpaced noBorder\" ><hr><\/div><header class=\"header btClear small header-blue btNormalDash\" ><div class=\"dash\"><h4><span class=\"headline\">Mgr. Angelika Fialkov\u00e1<\/span><\/h4><\/div><\/header><div class=\"btText\" ><\/p>\n<p>\n<span style=\"color: #3ea3db;\">sekretari\u00e1t<\/span><\/p>\n<p>\n<\/div><div class=\"btClear btSeparator bottomSmallSpaced noBorder\" ><hr><\/div><div class=\"btText\" ><\/p>\n<p>\n<span class=\"recepceKontakty\" style=\"color: #9b9b9b; font-weight: 800; font-size: 12px;\">+420 270 003 589<br \/>\n<a href=\"mailto:angelika.fialkova@mc-praha.cz\">angelika.fialkova@mc-praha.cz<\/a><\/span><\/p>\n<p>\n<\/div><\/div><\/div><\/div><\/div><div class=\"boldRow  \" ><div class=\"boldRowInner\"><div class=\"rowItem col-md-12 col-ms-12  btTextLeft\"  ><div class=\"rowItemContent\" ><div class=\"btClear btSeparator bottomSemiSpaced noBorder\" ><hr><\/div><\/div><\/div><\/div><\/div><\/div><\/div><\/div><\/section><section id=\"bt_section69d1ebb64493b\"  class=\"boldSection gutter inherit footer\" ><div class=\"port\"><div class=\"boldCell\"><div class=\"boldCellInner\"><div class=\"boldRow  \" ><div class=\"boldRowInner\"><div class=\"rowItem col-md-12 col-ms-12  btTextLeft\"  ><div class=\"rowItemContent\" ><div class=\"btClear btSeparator bottomSemiSpaced noBorder\" ><hr><\/div><\/div><\/div><\/div><\/div><div class=\"boldRow  \" ><div class=\"boldRowInner\"><div class=\"rowItem col-md-4 col-ms-12 btTextLeft\"  ><div class=\"rowItemContent\" ><div class=\"bpgPhoto btTextCenter logoDown\" ><div class = \"btImage\"><img src=\"https:\/\/www.mc-praha.cz\/mcp\/wp-content\/uploads\/2018\/10\/mcp-logo-1.png\" alt=\"\" ><\/div><\/div><div class=\"btText\" ><\/p>\n<p>\n\u00a9 2018 Medic\u00ednsk\u00e9 centrum Praha<\/p>\n<p>\n<\/div><\/div><\/div><div class=\"rowItem col-md-8 col-ms-12 btTextLeft\"  ><div class=\"rowItemContent\" ><div class=\"boldRow boldInnerRow  \" ><div class=\"rowItem rowInnerItem col-md-3  btTextLeft\"  ><div class=\"rowItemContent\"><div class=\"btCustomMenu \" ><div class=\"menu-menuprojekty1-container\"><ul id=\"menu-menuprojekty1\" class=\"menu\"><li id=\"menu-item-1236\" class=\"menu-item menu-item-type-custom menu-item-object-custom menu-item-1236\"><a href=\"http:\/\/www.kmenovky.cz\/\">Kmenovky<\/a><\/li><li id=\"menu-item-1237\" class=\"menu-item menu-item-type-custom menu-item-object-custom menu-item-1237\"><a href=\"http:\/\/avecell.cz\/\">Avecell<\/a><\/li><li id=\"menu-item-1239\" class=\"menu-item menu-item-type-custom menu-item-object-custom menu-item-1239\"><a href=\"https:\/\/www.qgen.cz\/\">Qgen<\/a><\/li><li id=\"menu-item-1240\" class=\"menu-item menu-item-type-custom menu-item-object-custom menu-item-1240\"><a href=\"http:\/\/zdravastolice.cz\/\">Zdrav\u00e1 stolice<\/a><\/li>\n<\/ul><\/div><\/div><\/div><\/div><div class=\"rowItem rowInnerItem col-md-3  btTextLeft\"  ><div class=\"rowItemContent\"><div class=\"btCustomMenu \" ><div class=\"menu-menuprojekty2-container\"><ul id=\"menu-menuprojekty2\" class=\"menu\"><li id=\"menu-item-1337\" class=\"menu-item menu-item-type-custom menu-item-object-custom menu-item-1337\"><a href=\"http:\/\/zdravykojenec.cz\/\">Zdrav\u00fd kojenec<\/a><\/li><li id=\"menu-item-1338\" class=\"menu-item menu-item-type-custom menu-item-object-custom menu-item-1338\"><a href=\"http:\/\/www.zdravaspermie.cz\/\">Zdrav\u00e1 spermie<\/a><\/li><li id=\"menu-item-1339\" class=\"menu-item menu-item-type-custom menu-item-object-custom menu-item-1339\"><a href=\"http:\/\/venerologie.cz\/\">Venerologie<\/a><\/li><li id=\"menu-item-1340\" class=\"menu-item menu-item-type-custom menu-item-object-custom menu-item-1340\"><a href=\"http:\/\/pyly.cz\/\">Pyly<\/a><\/li>\n<\/ul><\/div><\/div><\/div><\/div><div class=\"rowItem rowInnerItem col-md-3  btTextLeft\"  ><div class=\"rowItemContent\"><div class=\"btCustomMenu \" ><div class=\"menu-menu4-container\"><ul id=\"menu-menu4\" class=\"menu\"><li id=\"menu-item-1343\" class=\"menu-item menu-item-type-post_type menu-item-object-post menu-item-1343\"><a href=\"https:\/\/www.mc-praha.cz\/mcp\/o-nas\/\">O n\u00e1s<\/a><\/li><li id=\"menu-item-1344\" class=\"menu-item menu-item-type-custom menu-item-object-custom menu-item-1344\"><a href=\"https:\/\/extranet.mc-praha.cz\/#\/\">Rezervace online<\/a><\/li><li id=\"menu-item-1345\" class=\"menu-item menu-item-type-custom menu-item-object-custom menu-item-1345\"><a href=\"https:\/\/extranet.mc-praha.cz\/#\/laboratory\">Laborato\u0159 online<\/a><\/li><li id=\"menu-item-1346\" class=\"menu-item menu-item-type-post_type menu-item-object-page menu-item-1346\"><a href=\"https:\/\/www.mc-praha.cz\/mcp\/projekty\/\">Projekty<\/a><\/li>\n<\/ul><\/div><\/div><\/div><\/div><div class=\"rowItem rowInnerItem col-md-3  btTextLeft\"  ><div class=\"rowItemContent\"><div class=\"btCustomMenu \" ><div class=\"menu-menu5-container\"><ul id=\"menu-menu5\" class=\"menu\"><li id=\"menu-item-1347\" class=\"menu-item menu-item-type-custom menu-item-object-custom menu-item-1347\"><a href=\"#kontaktujteNas\">Kontakty<\/a><\/li><li id=\"menu-item-1348\" class=\"menu-item menu-item-type-post_type menu-item-object-page menu-item-1348\"><a href=\"https:\/\/www.mc-praha.cz\/mcp\/faq\/\">\u010cast\u00e9 dotazy<\/a><\/li><li id=\"menu-item-1349\" class=\"menu-item menu-item-type-post_type menu-item-object-page menu-item-1349\"><a href=\"https:\/\/www.mc-praha.cz\/mcp\/kariera\/\">Kari\u00e9ra<\/a><\/li><li id=\"menu-item-3005\" class=\"menu-item menu-item-type-post_type menu-item-object-post menu-item-3005\"><a href=\"https:\/\/www.mc-praha.cz\/mcp\/newsletter-archiv\/\">Newsletter archiv<\/a><\/li>\n<\/ul><\/div><\/div><\/div><\/div><\/div><\/div><\/div><\/div><\/div><div class=\"boldRow  \" ><div class=\"boldRowInner\"><div class=\"rowItem col-md-12 col-ms-12  btTextCenter inherit\"  ><div class=\"rowItemContent\" ><div class=\"btText\" ><\/p>\n<p><a href=\"https:\/\/www.mc-praha.cz\/mcp\/wp-content\/uploads\/2025\/07\/VOP_Laboratorni-vysetreni-MCP_PP_01072025.pdf\" target=\"_blank\" rel=\"noopener noreferrer\">V\u0161eobecn\u00e9 obchodn\u00ed podm\u00ednky pro poskytov\u00e1n\u00ed slu\u017eeb laboratorn\u00edch vy\u0161et\u0159en\u00ed (CZ)<br \/><\/a><a href=\"https:\/\/www.mc-praha.cz\/mcp\/wp-content\/uploads\/2025\/07\/VOP_rezervace-MCP_PP_01072025.pdf\" target=\"_blank\" rel=\"noopener\">V\u0161eobecn\u00e9 obchodn\u00ed podm\u00ednky organizace slu\u017eeb (CZ)<\/a><br \/><a href=\"https:\/\/www.mc-praha.cz\/mcp\/ochrana-osobnich-udaju\/\">Ochrana osobn\u00edch \u00fadaj\u016f<\/a><\/p>\n<p>\n<\/div><\/div><\/div><\/div><\/div><div class=\"boldRow  \" ><div class=\"boldRowInner\"><div class=\"rowItem col-md-12 col-ms-12  btTextLeft\"  ><div class=\"rowItemContent\" ><div class=\"btClear btSeparator bottomSemiSpaced noBorder\" ><hr><\/div><\/div><\/div><\/div><\/div><\/div><\/div><\/div><\/section><\/p>\n","protected":false},"excerpt":{"rendered":"","protected":false},"author":7,"featured_media":0,"parent":0,"menu_order":0,"comment_status":"closed","ping_status":"closed","template":"","meta":{"_uag_custom_page_level_css":""},"uagb_featured_image_src":{"full":false,"thumbnail":false,"medium":false,"medium_large":false,"large":false,"1536x1536":false,"2048x2048":false,"boldthemes_grid":false,"boldthemes_grid_11":false,"boldthemes_grid_22":false,"boldthemes_grid_21":false,"boldthemes_grid_12":false,"boldthemes_latest_posts":false,"boldthemes_grid_gallery":false},"uagb_author_info":{"display_name":"Jbednar","author_link":"https:\/\/www.mc-praha.cz\/mcp\/author\/jbednar\/"},"uagb_comment_info":0,"uagb_excerpt":null,"post_mailing_queue_ids":[],"_links":{"self":[{"href":"https:\/\/www.mc-praha.cz\/mcp\/wp-json\/wp\/v2\/pages\/426"}],"collection":[{"href":"https:\/\/www.mc-praha.cz\/mcp\/wp-json\/wp\/v2\/pages"}],"about":[{"href":"https:\/\/www.mc-praha.cz\/mcp\/wp-json\/wp\/v2\/types\/page"}],"author":[{"embeddable":true,"href":"https:\/\/www.mc-praha.cz\/mcp\/wp-json\/wp\/v2\/users\/7"}],"replies":[{"embeddable":true,"href":"https:\/\/www.mc-praha.cz\/mcp\/wp-json\/wp\/v2\/comments?post=426"}],"version-history":[{"count":129,"href":"https:\/\/www.mc-praha.cz\/mcp\/wp-json\/wp\/v2\/pages\/426\/revisions"}],"predecessor-version":[{"id":4730,"href":"https:\/\/www.mc-praha.cz\/mcp\/wp-json\/wp\/v2\/pages\/426\/revisions\/4730"}],"wp:attachment":[{"href":"https:\/\/www.mc-praha.cz\/mcp\/wp-json\/wp\/v2\/media?parent=426"}],"curies":[{"name":"wp","href":"https:\/\/api.w.org\/{rel}","templated":true}]}}