{"id":472,"date":"2018-10-31T14:09:39","date_gmt":"2018-10-31T13:09:39","guid":{"rendered":"http:\/\/www.mc-praha.cz\/mcp\/?page_id=472"},"modified":"2026-03-25T10:25:07","modified_gmt":"2026-03-25T09:25:07","slug":"projekty","status":"publish","type":"page","link":"https:\/\/www.mc-praha.cz\/mcp\/projekty\/","title":{"rendered":"Projekty"},"content":{"rendered":"<p><section id=\"bt_section69fdfba6393ab\"  class=\"boldSection topSemiSpaced bottomSemiSpaced gutter inherit headerNarrowWidth projects\" ><div class=\"port\"><div class=\"boldCell\"><div class=\"boldCellInner\"><div class=\"boldRow  \" ><div class=\"boldRowInner\"><div class=\"rowItem col-md-12 col-ms-12  btTextLeft\"  ><div class=\"rowItemContent\" ><header class=\"header btClear medium header-blue btNormalDash\" ><div class=\"btSuperTitle\">Projekty MCP<\/div><div class=\"dash\"><h3><span class=\"headline\">Projekty Medic\u00ednsk\u00e9ho centra Praha<\/span><\/h3><\/div><\/header><\/div><\/div><\/div><\/div><\/div><\/div><\/div><\/section><section id=\"bt_section69fdfba639648\"  class=\"boldSection gutter fullScreenHeight inherit projects\" ><div class=\"port\"><div class=\"boldCell\"><div class=\"boldCellInner\"><div class=\"boldRow  \" style=\"max-width:1180px;margin:auto\"><div class=\"boldRowInner\"><div class=\"rowItem col-md-3 col-sm-6 col-ms-12 btTextLeft inherit pinkProject minHeight\" style=\"padding-left:0\" ><div class=\"rowItemContent\" ><div class=\"btClear btSeparator bottomSmallSpaced noBorder\" ><hr><\/div><header class=\"header btClear small header-white btNormalDash\" ><div class=\"btSuperTitle\">Kmenovky<\/div><\/header><div class=\"btText\" ><\/p>\n<p><span style=\"color: #ffffff;\">Projekt se zam\u011b\u0159uje na preventivn\u00ed odb\u011br a v\u010dasn\u00e9 ulo\u017een\u00ed kmenov\u00fdch bun\u011bk v dob\u011b, kdy nejsou zat\u00ed\u017eeny v\u011bkem, nemoc\u00ed, l\u00e9ky apod. Kmenov\u00fdch bun\u011bk se standardn\u011b vyu\u017e\u00edv\u00e1 v hematologii, v sou\u010dasnosti v\u0161ak p\u0159ib\u00fdv\u00e1 \u0159ada protokol\u016f pro jejich vyu\u017eit\u00ed p\u0159i l\u00e9\u010db\u011b autoimunitn\u00edch onemocn\u011bn\u00ed a v onkologii.<\/span><\/p>\n<p>\n<\/div><div class=\"btClear btSeparator bottomSmallSpaced noBorder\" ><hr><\/div><a href=\"\/mcp\/projekty-kmenove-bunky\/\" class=\"btBtn btBtn btnOutlineStyle btnNormalColor btnSmall btnNormalWidth btn-round noTransitionDelay btnInlinePosition btnIco\"  target=\"_blank\"><span class=\"btIco \" ><span  data-ico-f5=\"&#xf061;\" class=\"btIcoHolder\"><em><\/em><\/span><\/span><\/a><a href=\"\/mcp\/projekty-kmenove-bunky\/\" class=\"btBtn btBtn btnOutlineStyle btnNormalColor btnSmall btnNormalWidth btn-round noTransitionDelay btnInlinePosition btnIco\"  target=\"_blank\"><span class=\"btIco \" ><span  data-ico-f5=\"&#xf061;\" class=\"btIcoHolder\"><em><\/em><\/span><\/span><\/a><a href=\"\/mcp\/projekty-kmenove-bunky\/\" class=\"btBtn btBtn btnOutlineStyle btnNormalColor btnSmall btnNormalWidth btn-round noTransitionDelay btnInlinePosition btnIco\"  target=\"_blank\"><span class=\"btIco \" ><span  data-ico-f5=\"&#xf061;\" class=\"btIcoHolder\"><em><\/em><\/span><\/span><\/a><div class=\"btClear btSeparator bottomSmallSpaced noBorder\" ><hr><\/div><\/div><\/div><div class=\"rowItem col-md-3 col-sm-6 col-ms-12 btTextLeft inherit greenDarkProject minHeight\"  ><div class=\"rowItemContent\" ><div class=\"btClear btSeparator bottomSmallSpaced noBorder\" ><hr><\/div><header class=\"header btClear small header-white btNormalDash\" ><div class=\"btSuperTitle\">Avecell<\/div><\/header><div class=\"btText\" ><\/p>\n<p>\n<span style=\"color: #ffffff;\">AVECELL\u00ae je projekt zam\u011b\u0159en\u00fd na l\u00e9\u010dbu zv\u00ed\u0159at pomoc\u00ed kmenov\u00fdch bun\u011bk. Zam\u011b\u0159ujeme se zejm\u00e9na na poran\u011bn\u00ed pohybov\u00e9ho apar\u00e1tu kon\u00ed a ps\u016f. Unik\u00e1tn\u00ed vlastnosti kmenov\u00fdch bun\u011bk d\u00e1le vyu\u017e\u00edv\u00e1me p\u0159i l\u00e9\u010db\u011b alergi\u00ed a autoimunitn\u00edch onemocn\u011bn\u00ed. Ve spolupr\u00e1ci se ZOO se pod\u00edl\u00edme na diagnostice a l\u00e9\u010db\u011b [&#8230;]<\/span><\/p>\n<p>\n<\/div><div class=\"btClear btSeparator bottomSmallSpaced noBorder\" ><hr><\/div><a href=\"\/mcp\/projekty-avecell\/\" class=\"btBtn btBtn btnOutlineStyle btnNormalColor btnSmall btnNormalWidth btn-round noTransitionDelay btnInlinePosition btnIco\"  target=\"_blank\"><span class=\"btIco \" ><span  data-ico-f5=\"&#xf061;\" class=\"btIcoHolder\"><em><\/em><\/span><\/span><\/a><div class=\"btClear btSeparator bottomSmallSpaced noBorder\" ><hr><\/div><\/div><\/div><div class=\"rowItem col-md-3 col-sm-6 col-ms-12 btTextLeft inherit purpleProject minHeight\"  ><div class=\"rowItemContent\" ><div class=\"btClear btSeparator bottomSmallSpaced noBorder\" ><hr><\/div><header class=\"header btClear small header-white btNormalDash\" ><div class=\"btSuperTitle\">Qgen<\/div><\/header><div class=\"btText\" ><\/p>\n<p>\n<span style=\"color: #ffffff;\">V\u00fdrazn\u00fd pokrok v anal\u00fdze lidsk\u00e9ho genomu za posledn\u00edch 10 let umo\u017e\u0148uje v mnoha p\u0159\u00edpadech vysoce citliv\u00e9 stanoven\u00ed m\u00edry genetick\u00e9ho rizika k r\u016fzn\u00fdm metabolick\u00fdm, onkologick\u00fdm, neurologick\u00fdm, endokrinologick\u00fdm \u010di imunologick\u00fdm nemocem. Za pokrokem stoj\u00ed [&#8230;]<\/span><\/p>\n<p>\n<\/div><div class=\"btClear btSeparator bottomSmallSpaced noBorder\" ><hr><\/div><a href=\"\/mcp\/projekty-qgen\/\" class=\"btBtn btBtn btnOutlineStyle btnNormalColor btnSmall btnNormalWidth btn-round noTransitionDelay btnInlinePosition btnIco\"  target=\"_blank\"><span class=\"btIco \" ><span  data-ico-f5=\"&#xf061;\" class=\"btIcoHolder\"><em><\/em><\/span><\/span><\/a><div class=\"btClear btSeparator bottomSmallSpaced noBorder\" ><hr><\/div><\/div><\/div><div class=\"rowItem col-md-3 col-sm-6 col-ms-12 btTextLeft inherit oceanBlueProject minHeight\" style=\"padding-right:0\" ><div class=\"rowItemContent\" ><div class=\"btClear btSeparator bottomSmallSpaced noBorder\" ><hr><\/div><header class=\"header btClear small header-white btNormalDash\" ><div class=\"btSuperTitle\">Sport<\/div><\/header><div class=\"btText\" ><\/p>\n<p>\n<span style=\"color: #ffffff;\">Pro v\u00fdb\u011br vhodn\u00e9ho sportu je d\u016fle\u017eit\u00e1 genetick\u00e1 konstituce, vhodn\u00e9 tr\u00e9ninkov\u00e9 metody a spr\u00e1vn\u00fd nutri\u010dn\u00ed pl\u00e1n. V projektu SPORT porad\u00edme rodi\u010d\u016fm, amat\u00e9rsk\u00fdm i profesion\u00e1ln\u00edm sportovc\u016fm. Pom\u00e1h\u00e1me zefektivnit tr\u00e9ninkov\u00fd pl\u00e1n, p\u0159edch\u00e1zet zran\u011bn\u00edm, ur\u010dit nejvhodn\u011bj\u0161\u00ed sport pro d\u011bti a vylep\u0161it p\u0159\u00edpravu t\u00fdm\u016f.<\/span><\/p>\n<p>\n<\/div><div class=\"btClear btSeparator bottomSmallSpaced noBorder\" ><hr><\/div><a href=\"\/mcp\/projekty-sport\/\" class=\"btBtn btBtn btnOutlineStyle btnNormalColor btnSmall btnNormalWidth btn-round noTransitionDelay btnInlinePosition btnIco\"  target=\"_blank\"><span class=\"btIco \" ><span  data-ico-f5=\"&#xf061;\" class=\"btIcoHolder\"><em><\/em><\/span><\/span><\/a><div class=\"btClear btSeparator bottomSmallSpaced noBorder\" ><hr><\/div><\/div><\/div><\/div><\/div><div class=\"boldRow  \" ><div class=\"boldRowInner\"><div class=\"rowItem col-md-12 col-ms-12  btTextLeft inherit\"  ><div class=\"rowItemContent\" ><div class=\"btClear btSeparator topSmallSpaced noBorder bt_bb_hidden_xs bt_bb_hidden_ms\" ><hr><\/div><\/div><\/div><\/div><\/div><div class=\"boldRow  \" style=\"max-width:1180px;margin:auto\"><div class=\"boldRowInner\"><div class=\"rowItem col-md-3 col-sm-6 col-ms-12 btTextLeft inherit greenLightProject minHeight\" style=\"padding-left:0\" ><div class=\"rowItemContent\" ><div class=\"btClear btSeparator bottomSmallSpaced noBorder\" ><hr><\/div><header class=\"header btClear small header-white btNormalDash\" ><div class=\"btSuperTitle\">Nutri\u010dn\u00ed poradenstv\u00ed<\/div><\/header><div class=\"btText\" ><\/p>\n<p>\n<span style=\"color: #ffffff;\">Zdrav\u00fd \u017eivotn\u00ed styl je n\u00e1strojem pro dobrou kondici a m\u011bl by n\u00e1m pomoci sn\u00ed\u017eit riziko tzv. civiliza\u010dn\u00edch chorob (nap\u0159. cukrovka a hypertenze). Sestavujeme j\u00eddeln\u00ed\u010dky a recepty na m\u00edru v z\u00e1vislosti na diagn\u00f3ze a osobn\u00edch preferenc\u00edch.<\/span><\/p>\n<p>\n<\/div><div class=\"btClear btSeparator bottomSmallSpaced noBorder\" ><hr><\/div><a href=\"\/mcp\/projekty-nutricni-poradenstvi\/\" class=\"btBtn btBtn btnOutlineStyle btnNormalColor btnSmall btnNormalWidth btn-round noTransitionDelay btnInlinePosition btnIco\"  target=\"_blank\"><span class=\"btIco \" ><span  data-ico-f5=\"&#xf061;\" class=\"btIcoHolder\"><em><\/em><\/span><\/span><\/a><div class=\"btClear btSeparator bottomSmallSpaced noBorder\" ><hr><\/div><\/div><\/div><div class=\"rowItem col-md-3 col-sm-6 col-ms-12 btTextLeft inherit brownLightProject minHeight\"  ><div class=\"rowItemContent\" ><div class=\"btClear btSeparator bottomSmallSpaced noBorder\" ><hr><\/div><header class=\"header btClear small header-white btNormalDash\" ><div class=\"btSuperTitle\">Zdrav\u00e1 stolice<\/div><\/header><div class=\"btText\" ><\/p>\n<p>\nSymbiotick\u00e9 mikroorganismy se pod\u00edl\u00ed na mnoha funkc\u00edch zdrav\u00e9ho lidsk\u00e9ho t\u011bla. Naru\u0161en\u00ed mikrobi\u00e1ln\u00edch spole\u010denstev (dysbi\u00f3za) je spojeno s celou \u0159adou zdravotn\u00edch obt\u00ed\u017e\u00ed, mimo jin\u00e9 s obezitou, Crohnovou chorobou, ulcer\u00f3zn\u00ed kolitidou, n\u011bkter\u00fdmi typy rakoviny nebo cukrovkou<span style=\"color: #ffffff;\"> [&#8230;]<\/span><\/p>\n<p>\n<\/div><div class=\"btClear btSeparator bottomSmallSpaced noBorder\" ><hr><\/div><a href=\"\/mcp\/projekty-zdrava-stolice\/\" class=\"btBtn btBtn btnOutlineStyle btnNormalColor btnSmall btnNormalWidth btn-round noTransitionDelay btnInlinePosition btnIco\"  target=\"_blank\"><span class=\"btIco \" ><span  data-ico-f5=\"&#xf061;\" class=\"btIcoHolder\"><em><\/em><\/span><\/span><\/a><div class=\"btClear btSeparator bottomSmallSpaced noBorder\" ><hr><\/div><\/div><\/div><div class=\"rowItem col-md-3 col-sm-6 col-ms-12 btTextLeft inherit redProject minHeight\"  ><div class=\"rowItemContent\" ><div class=\"btClear btSeparator bottomSmallSpaced noBorder\" ><hr><\/div><header class=\"header btClear small header-white btNormalDash\" ><div class=\"btSuperTitle\">Zdrav\u00fd kojenec<\/div><\/header><div class=\"btText\" ><\/p>\n<p>\n<span style=\"color: #ffffff;\">Po narozen\u00ed d\u00edt\u011bte lze z mal\u00e9ho mno\u017estv\u00ed pupe\u010dn\u00edkov\u00e9 krve bezbolestn\u011b stanovit d\u016fle\u017eit\u00e9 zdravotn\u00ed \u00fadaje: biochemick\u00e9, genetick\u00e9, imunologick\u00e9 a mikrobiologick\u00e9. Znalost t\u011bchto \u00fadaj\u016f je kl\u00ed\u010dov\u00e1 pro prevenci nemocnosti. Projekt Zdrav\u00fd kojenec je rozd\u011blen do \u010dty\u0159 sekci: genetika, imunita, o\u010dkov\u00e1n\u00ed a kojen\u00ed.<\/span><\/p>\n<p>\n<\/div><div class=\"btClear btSeparator bottomSmallSpaced noBorder\" ><hr><\/div><a href=\"\/mcp\/projekty-zdravy-kojenec\/\" class=\"btBtn btBtn btnOutlineStyle btnNormalColor btnSmall btnNormalWidth btn-round noTransitionDelay btnInlinePosition btnIco\"  target=\"_blank\"><span class=\"btIco \" ><span  data-ico-f5=\"&#xf061;\" class=\"btIcoHolder\"><em><\/em><\/span><\/span><\/a><div class=\"btClear btSeparator bottomSmallSpaced noBorder\" ><hr><\/div><\/div><\/div><div class=\"rowItem col-md-3 col-sm-6 col-ms-12 btTextLeft inherit skyBlueProject minHeight\" style=\"padding-right:0\" ><div class=\"rowItemContent\" ><div class=\"btClear btSeparator bottomSmallSpaced noBorder\" ><hr><\/div><header class=\"header btClear small header-white btNormalDash\" ><div class=\"btSuperTitle\">Zdrav\u00e1 spermie<\/div><\/header><div class=\"btText\" ><\/p>\n<p>\n<span style=\"color: #ffffff;\">Pln\u011b funk\u010dn\u00ed spermie m\u00e1 v dne\u0161n\u00ed dob\u011b jen polovina mu\u017e\u016f do 35 let. V\u00a0t\u00e9to souvislosti nab\u00edz\u00edme komplexn\u00ed program v\u011bnovan\u00fd spermi\u00edm a mu\u017esk\u00e9 reprodukci. V projektu Zdrav\u00e1 spermie se v\u011bnujeme prevenci a l\u00e9\u010db\u011b v oblasti mu\u017esk\u00e9 reprodukce.<br \/>\n<\/span><\/p>\n<p>\n<\/div><div class=\"btClear btSeparator bottomSmallSpaced noBorder\" ><hr><\/div><a href=\"\/mcp\/projekty-zdrava-spermie\/\" class=\"btBtn btBtn btnOutlineStyle btnNormalColor btnSmall btnNormalWidth btn-round noTransitionDelay btnInlinePosition btnIco\"  target=\"_blank\"><span class=\"btIco \" ><span  data-ico-f5=\"&#xf061;\" class=\"btIcoHolder\"><em><\/em><\/span><\/span><\/a><div class=\"btClear btSeparator bottomSmallSpaced noBorder\" ><hr><\/div><\/div><\/div><\/div><\/div><div class=\"boldRow no-min-height \" ><div class=\"boldRowInner\"><div class=\"rowItem col-md-12 col-ms-12  btTextLeft\"  ><div class=\"rowItemContent\" ><div class=\"btClear btSeparator topSmallSpaced noBorder bt_bb_hidden_xs bt_bb_hidden_ms\" ><hr><\/div><\/div><\/div><\/div><\/div><div class=\"boldRow  \" style=\"max-width:1180px;margin:auto\"><div class=\"boldRowInner\"><div class=\"rowItem col-md-3 col-sm-6 col-ms-12 btTextLeft inherit brownDarkProject minHeight\" style=\"padding-left:0\" ><div class=\"rowItemContent\" ><div class=\"btClear btSeparator bottomSmallSpaced noBorder\" ><hr><\/div><header class=\"header btClear small header-white btNormalDash\" ><div class=\"btSuperTitle\">Venerologie<\/div><\/header><div class=\"btText\" ><\/p>\n<p>\n<span style=\"color: #ffffff;\">Pohlavn\u00ed choroby jsou \u010dasto br\u00e1ny jako jist\u00e9 tabu. Pokud m\u00e1te podez\u0159en\u00ed, je pot\u0159eba zdravotn\u00ed probl\u00e9my \u0159e\u0161it. Nab\u00edz\u00edme diskr\u00e9tn\u00ed, kvalitn\u00ed a rychl\u00e9 vy\u0161et\u0159en\u00ed.<\/span> <span style=\"color: #ffffff;\">Pacient\u016fm m\u016f\u017eeme zaslat <a style=\"color: #ffffff;\" href=\"http:\/\/venerologie.cz\/odberovy-set\/\">odb\u011brov\u00fd set<\/a>, d\u00edky kter\u00e9mu mohou absolvovat odb\u011bry i mimo na\u0161e pracovi\u0161t\u011b.<\/span><\/p>\n<p>\n<\/div><div class=\"btClear btSeparator bottomSmallSpaced noBorder\" ><hr><\/div><a href=\"\/mcp\/projekty-venerologie\/\" class=\"btBtn btBtn btnOutlineStyle btnNormalColor btnSmall btnNormalWidth btn-round noTransitionDelay btnInlinePosition btnIco\"  target=\"_blank\"><span class=\"btIco \" ><span  data-ico-f5=\"&#xf061;\" class=\"btIcoHolder\"><em><\/em><\/span><\/span><\/a><div class=\"btClear btSeparator bottomSmallSpaced noBorder\" ><hr><\/div><\/div><\/div><div class=\"rowItem col-md-3 col-sm-6 col-ms-12 btTextLeft inherit yellowProject minHeight\"  ><div class=\"rowItemContent\" ><div class=\"btClear btSeparator bottomSmallSpaced noBorder\" ><hr><\/div><header class=\"header btClear small header-white btNormalDash\" ><div class=\"btSuperTitle\">Pyly<\/div><\/header><div class=\"btText\" ><\/p>\n<p>\n<span style=\"color: #ffffff;\">Informa\u010dn\u00ed port\u00e1l pro alergiky poskytuje pravideln\u00e9 pylov\u00e9 zpravodajstv\u00ed s mo\u017enost\u00ed odeb\u00edrat zpr\u00e1vy formou e-mailu, sms nebo mobiln\u00ed aplikace. Nov\u011b jsme k pylov\u00e9 aplikaci p\u0159ipojili zdravotn\u00ed z\u00e1znam o hmyz\u00edm bodnut\u00ed.<br \/>\n<\/span><\/p>\n<p>\n<\/div><div class=\"btClear btSeparator bottomSmallSpaced noBorder\" ><hr><\/div><a href=\"\/mcp\/projekty-pyly\/\" class=\"btBtn btBtn btnOutlineStyle btnNormalColor btnSmall btnNormalWidth btn-round noTransitionDelay btnInlinePosition btnIco\"  target=\"_blank\"><span class=\"btIco \" ><span  data-ico-f5=\"&#xf061;\" class=\"btIcoHolder\"><em><\/em><\/span><\/span><\/a><div class=\"btClear btSeparator bottomSmallSpaced noBorder\" ><hr><\/div><\/div><\/div><div class=\"rowItem col-md-3 col-sm-6 col-ms-12 btTextLeft inherit oceanBlueLightProject minHeight\"  ><div class=\"rowItemContent\" ><div class=\"btClear btSeparator bottomSmallSpaced noBorder\" ><hr><\/div><header class=\"header btClear small header-white btNormalDash\" ><div class=\"btSuperTitle\">Hairmedicine<\/div><\/header><div class=\"btText\" ><\/p>\n<p>\nStav na\u0161ich neht\u016f a vlas\u016f \u010dasto odr\u00e1\u017e\u00ed celkov\u00e9 zdrav\u00ed. P\u0159\u00ed\u010dinou jejich zhor\u0161en\u00e9 kvality m\u016f\u017ee b\u00fdt nedostatek vitam\u00edn\u016f a stopov\u00fdch prvk\u016f, ale i z\u00e1va\u017en\u011bj\u0161\u00ed onemocn\u011bn\u00ed jako jsou hormon\u00e1ln\u00ed poruchy \u010di autoimunitn\u00ed onemocn\u011bn\u00ed. Z tohoto d\u016fvodu je kl\u00ed\u010dov\u00fd komplexn\u00ed p\u0159\u00edstup.<\/p>\n<p>\n<\/div><div class=\"btClear btSeparator bottomSmallSpaced noBorder\" ><hr><\/div><a href=\"\/mcp\/projekty-hairmedicine\/\" class=\"btBtn btBtn btnOutlineStyle btnNormalColor btnSmall btnNormalWidth btn-round noTransitionDelay btnInlinePosition btnIco\"  target=\"_blank\"><span class=\"btIco \" ><span  data-ico-f5=\"&#xf061;\" class=\"btIcoHolder\"><em><\/em><\/span><\/span><\/a><div class=\"btClear btSeparator bottomSmallSpaced noBorder\" ><hr><\/div><\/div><\/div><div class=\"rowItem col-md-3 col-sm-6 col-ms-12 btTextLeft inherit purpleDarkProject minHeight\" style=\"padding-right:0\" ><div class=\"rowItemContent\" ><div class=\"btClear btSeparator bottomSmallSpaced noBorder\" ><hr><\/div><header class=\"header btClear small header-white btNormalDash\" ><div class=\"btSuperTitle\">Virtual<\/div><\/header><div class=\"btText\" ><\/p>\n<p>\nMedic\u00edna 21. stolet\u00ed nen\u00ed jen o \u0161pi\u010dkov\u00fdch technologi\u00edch a modern\u00edch postupech, ale tak\u00e9 o komunikaci a celkov\u00e9m p\u0159\u00edstupu. Diagnostika na d\u00e1lku, online rezervace i vyzvednut\u00ed v\u00fdsledk\u016f, mo\u017enost p\u0159\u00edstupu ke sv\u00e9 anamn\u00e9ze \u010di l\u00e9ka\u0159i kdekoliv a kdykoliv na cel\u00e9m sv\u011bt\u011b \u2013 to jsou c\u00edle projektu Virtual.<\/p>\n<p>\n<\/div><div class=\"btClear btSeparator bottomSmallSpaced noBorder\" ><hr><\/div><a href=\"\/mcp\/projekty-virtual\/\" class=\"btBtn btBtn btnOutlineStyle btnNormalColor btnSmall btnNormalWidth btn-round noTransitionDelay btnInlinePosition btnIco\"  target=\"_blank\"><span class=\"btIco \" ><span  data-ico-f5=\"&#xf061;\" class=\"btIcoHolder\"><em><\/em><\/span><\/span><\/a><div class=\"btClear btSeparator bottomSmallSpaced noBorder\" ><hr><\/div><\/div><\/div><\/div><\/div><div class=\"boldRow no-min-height \" ><div class=\"boldRowInner\"><div class=\"rowItem col-md-12 col-ms-12  btTextLeft\"  ><div class=\"rowItemContent\" ><div class=\"btClear btSeparator bottomSemiSpaced noBorder\" ><hr><\/div><\/div><\/div><\/div><\/div><\/div><\/div><\/div><\/section><section id=\"bt_section69fdfba63da22\"  class=\"boldSection gutter\" ><div class=\"port\"><div class=\"boldCell\"><div class=\"boldCellInner\"><div class=\"boldRow  \" ><div class=\"boldRowInner\"><div class=\"rowItem col-md-12 col-ms-12  btTextLeft\"  ><div class=\"rowItemContent\" ><div class=\"btText\" ><\/p>\n<p>\nD\u00e1le se v\u011bnujeme tak\u00e9 problematice t\u011bchto oblast\u00ed: <a href=\"http:\/\/www.mc-praha.cz\/mcp\/mitochondrie\/\"><strong>mitochondrie<\/strong><\/a>.<\/p>\n<p>\n<\/div><div class=\"btClear btSeparator bottomSemiSpaced noBorder\" ><hr><\/div><\/div><\/div><\/div><\/div><\/div><\/div><\/div><\/section><\/p>\n","protected":false},"excerpt":{"rendered":"","protected":false},"author":7,"featured_media":0,"parent":0,"menu_order":0,"comment_status":"closed","ping_status":"closed","template":"","meta":{"_uag_custom_page_level_css":""},"uagb_featured_image_src":{"full":false,"thumbnail":false,"medium":false,"medium_large":false,"large":false,"1536x1536":false,"2048x2048":false,"boldthemes_grid":false,"boldthemes_grid_11":false,"boldthemes_grid_22":false,"boldthemes_grid_21":false,"boldthemes_grid_12":false,"boldthemes_latest_posts":false,"boldthemes_grid_gallery":false},"uagb_author_info":{"display_name":"Jbednar","author_link":"https:\/\/www.mc-praha.cz\/mcp\/author\/jbednar\/"},"uagb_comment_info":0,"uagb_excerpt":null,"post_mailing_queue_ids":[],"_links":{"self":[{"href":"https:\/\/www.mc-praha.cz\/mcp\/wp-json\/wp\/v2\/pages\/472"}],"collection":[{"href":"https:\/\/www.mc-praha.cz\/mcp\/wp-json\/wp\/v2\/pages"}],"about":[{"href":"https:\/\/www.mc-praha.cz\/mcp\/wp-json\/wp\/v2\/types\/page"}],"author":[{"embeddable":true,"href":"https:\/\/www.mc-praha.cz\/mcp\/wp-json\/wp\/v2\/users\/7"}],"replies":[{"embeddable":true,"href":"https:\/\/www.mc-praha.cz\/mcp\/wp-json\/wp\/v2\/comments?post=472"}],"version-history":[{"count":122,"href":"https:\/\/www.mc-praha.cz\/mcp\/wp-json\/wp\/v2\/pages\/472\/revisions"}],"predecessor-version":[{"id":4734,"href":"https:\/\/www.mc-praha.cz\/mcp\/wp-json\/wp\/v2\/pages\/472\/revisions\/4734"}],"wp:attachment":[{"href":"https:\/\/www.mc-praha.cz\/mcp\/wp-json\/wp\/v2\/media?parent=472"}],"curies":[{"name":"wp","href":"https:\/\/api.w.org\/{rel}","templated":true}]}}