{"id":487,"date":"2018-10-31T14:42:29","date_gmt":"2018-10-31T13:42:29","guid":{"rendered":"http:\/\/www.mc-praha.cz\/mcp\/?page_id=487"},"modified":"2025-10-14T09:10:56","modified_gmt":"2025-10-14T07:10:56","slug":"kariera","status":"publish","type":"page","link":"https:\/\/www.mc-praha.cz\/mcp\/kariera\/","title":{"rendered":"Kari\u00e9ra"},"content":{"rendered":"<p><section id=\"bt_section69fdfc39c8179\"  class=\"boldSection topSemiSpaced bottomSemiSpaced gutter inherit kariera\" ><div class=\"port\"><div class=\"boldCell\"><div class=\"boldCellInner\"><div class=\"boldRow  \" ><div class=\"boldRowInner\"><div class=\"rowItem col-md-12 col-ms-12  btTextLeft inherit\"  ><div class=\"rowItemContent\" ><header class=\"header btClear medium header-blue btNormalDash\" ><div class=\"btSuperTitle\">Kari\u00e9ra<\/div><div class=\"dash\"><h3><span class=\"headline\">Kari\u00e9ra<\/span><\/h3><\/div><\/header><div class=\"btText\" ><\/p>\n<h3>Sta\u0148te se sou\u010d\u00e1st\u00ed unik\u00e1tn\u00edch projekt\u016f Medic\u00ednsk\u00e9ho centra a dejte sv\u00e9 pr\u00e1ci nov\u00fd v\u00fdznam!<\/h3>\n<p>N\u00ed\u017ee naleznete aktu\u00e1ln\u011b voln\u00e9 pracovn\u00ed pozice. Pokud V\u00e1s n\u011bkter\u00e1 z nich zaujme <strong>po\u0161lete n\u00e1m sv\u016fj strukturovan\u00fd \u017eivotopis\u00a0 na e-mail: <a href=\"mailto:angelika.fialkova@mc-praha.cz\"><span style=\"color: #3ea3db;\">angelika.fialkova@mc-praha.cz<\/span><\/a><\/strong><\/p>\n<p>\n<\/div><\/div><\/div><\/div><\/div><\/div><\/div><\/div><\/section><section id=\"bt_section69fdfc39c84aa\"  class=\"boldSection gutter inherit kariera\" ><div class=\"port\"><div class=\"boldCell\"><div class=\"boldCellInner\"><div class=\"boldRow  \" ><div class=\"boldRowInner\"><div class=\"rowItem col-md-12 col-ms-12  btTextLeft\"  ><div class=\"rowItemContent\" ><div class=\"btText\" ><\/p>\n<h3>L\u00e9ka\u0159i<\/h3>\n<p><a href=\"\/mcp\/imunolog-alergolog\/\">L\u00e9ka\u0159 imunolog \/\u00a0alergolog<\/a><br \/>\n<a href=\"\/mcp\/lekar-lekarka-internista\/\">L\u00e9ka\u0159 internista<\/a><br \/>\n<a href=\"http:\/\/www.mc-praha.cz\/mcp\/lekar-lekarka-praktik\/\">Praktick\u00fd l\u00e9ka\u0159<\/a><br \/>\n<a href=\"\/mcp\/pediatr\/\">Pediatr<\/a><br \/>\n<a href=\"http:\/\/www.mc-praha.cz\/mcp\/dermatovenerolog\/\">Dermatovenerolog<\/a><\/p>\n<p>&nbsp;<\/p>\n<p>\n<\/div><div class=\"btClear btSeparator bottomSmallSpaced noBorder\" ><hr><\/div><\/div><\/div><\/div><\/div><\/div><\/div><\/div><\/section><section id=\"bt_section69fdfc39c877d\"  class=\"boldSection gutter inherit kariera\" ><div class=\"port\"><div class=\"boldCell\"><div class=\"boldCellInner\"><div class=\"boldRow  \" ><div class=\"boldRowInner\"><div class=\"rowItem col-md-12 col-ms-12  btTextLeft\"  ><div class=\"rowItemContent\" ><div class=\"btText\" ><\/p>\n<h3>Odborn\u00ed pracovn\u00edci laborato\u0159e<\/h3>\n<p><a href=\"https:\/\/www.mc-praha.cz\/mcp\/vedouci-laboratore\/\">Vedouc\u00ed laborato\u0159e<\/a><br \/>\n<a href=\"https:\/\/www.mc-praha.cz\/mcp\/odborny-pracovnik-v-laboratornich-metodach-se-specializaci\/\">Odborn\u00fd pracovn\u00edk v laboratorn\u00edch metod\u00e1ch se specializac\u00ed v oboru imunologie nebo klinick\u00e1 genetika<\/a><br \/>\n<a href=\"http:\/\/www.mc-praha.cz\/mcp\/zdravotni-laborant-s-atestaci-v-oboru-alergologie-a-klinicka-imunologie\/\">Zdravotn\u00ed laborant se specializac\u00ed v oboru alergologie a klinick\u00e1 imunologie<\/a><br \/>\n<a href=\"\/mcp\/zdravotni-laborant-s-atestaci-v-oboru-klinicka-genetika\/\">Zdravotn\u00ed laborant se specializac\u00ed v oboru klinick\u00e1 genetika<\/a><\/p>\n<p>&nbsp;<\/p>\n<p>\n<\/div><div class=\"btClear btSeparator bottomSmallSpaced noBorder\" ><hr><\/div><\/div><\/div><\/div><\/div><\/div><\/div><\/div><\/section><section id=\"bt_section69fdfc39c892a\"  class=\"boldSection gutter inherit kariera\" ><div class=\"port\"><div class=\"boldCell\"><div class=\"boldCellInner\"><div class=\"boldRow  \" ><div class=\"boldRowInner\"><div class=\"rowItem col-md-12 col-ms-12  btTextLeft\"  ><div class=\"rowItemContent\" ><div class=\"btText\" ><\/p>\n<h3>Zdravotn\u00ed sestry<\/h3>\n<p><a href=\"\/mcp\/vseobecna-prakticka-sestra\/\">V\u0161eobecn\u00e1\/praktick\u00e1 sestra<\/a><br \/>\n<a href=\"https:\/\/www.mc-praha.cz\/mcp\/asistent-pro-zdravotni-peci\/\">Asistent pro zdravotn\u00ed p\u00e9\u010di<\/a><\/p>\n<p>\n<\/div><div class=\"btClear btSeparator bottomSmallSpaced noBorder\" ><hr><\/div><\/div><\/div><\/div><\/div><div class=\"boldRow  \" ><div class=\"boldRowInner\"><div class=\"rowItem col-md-12 col-ms-12  btTextLeft inherit karieraPozice\"  ><div class=\"rowItemContent\" ><div class=\"btClear btSeparator bottomExtraSmallSpaced noBorder\" ><hr><\/div><div class=\"btText\" ><\/div><div class=\"btText\" ><\/div><div class=\"btClear btSeparator bottomSmallSpaced noBorder\" ><hr><\/div><\/div><\/div><\/div><\/div><div class=\"boldRow  \" ><div class=\"boldRowInner\"><\/div><\/div><div class=\"boldRow  \" ><div class=\"boldRowInner\"><\/div><\/div><\/div><\/div><\/div><\/section><section id=\"bt_section69fdfc39c8b68\"  class=\"boldSection gutter inherit kariera\" ><div class=\"port\"><div class=\"boldCell\"><div class=\"boldCellInner\"><div class=\"boldRow  \" ><div class=\"boldRowInner\"><div class=\"rowItem col-md-12 col-ms-12  btTextLeft\"  ><div class=\"rowItemContent\" ><div class=\"btText\" ><\/p>\n<h3>Dal\u0161\u00ed profese<\/h3>\n<p><a href=\"https:\/\/www.mc-praha.cz\/mcp\/business-development-manager\/\">Business Development Manager<\/a><\/p>\n<p>&nbsp;<\/p>\n<p><strong>Nena\u0161li jste aktu\u00e1ln\u011b otev\u0159enou pozici, kter\u00e1 by odpov\u00eddala va\u0161emu profilu?<\/strong><\/p>\n<p>Napi\u0161te n\u00e1m, r\u00e1di se s V\u00e1mi potk\u00e1me. Sv\u016fj \u017eivotopis za\u0161lete na <strong><a href=\"mailto:angelika.fialkova@mc-praha.cz\"><span style=\"color: #3ea3db;\">angelika.fialkova@mc-praha.cz.<\/span><\/a><\/strong><\/p>\n<p>\n<\/div><div class=\"btClear btSeparator bottomSmallSpaced noBorder\" ><hr><\/div><\/div><\/div><\/div><\/div><div class=\"boldRow  \" ><div class=\"boldRowInner\"><div class=\"rowItem col-md-12 col-ms-12  btTextLeft inherit karieraPozice\"  ><div class=\"rowItemContent\" ><div class=\"btClear btSeparator bottomExtraSmallSpaced noBorder\" ><hr><\/div><div class=\"btText\" ><\/div><div class=\"btText\" ><\/div><div class=\"btClear btSeparator bottomSmallSpaced noBorder\" ><hr><\/div><\/div><\/div><\/div><\/div><div class=\"boldRow  \" ><div class=\"boldRowInner\"><\/div><\/div><div class=\"boldRow  \" ><div class=\"boldRowInner\"><\/div><\/div><\/div><\/div><\/div><\/section><section id=\"bt_section69fdfc39c8dc8\"  class=\"boldSection gutter\" ><div class=\"port\"><div class=\"boldCell\"><div class=\"boldCellInner\"><div class=\"boldRow  \" ><div class=\"boldRowInner\"><div class=\"rowItem col-md-12 col-ms-12  btTextLeft\"  ><div class=\"rowItemContent\" ><div class=\"btClear btSeparator topSemiSpaced noBorder\" ><hr><\/div><\/div><\/div><\/div><\/div><\/div><\/div><\/div><\/section><\/p>\n","protected":false},"excerpt":{"rendered":"","protected":false},"author":7,"featured_media":0,"parent":0,"menu_order":0,"comment_status":"closed","ping_status":"closed","template":"","meta":{"_uag_custom_page_level_css":""},"uagb_featured_image_src":{"full":false,"thumbnail":false,"medium":false,"medium_large":false,"large":false,"1536x1536":false,"2048x2048":false,"boldthemes_grid":false,"boldthemes_grid_11":false,"boldthemes_grid_22":false,"boldthemes_grid_21":false,"boldthemes_grid_12":false,"boldthemes_latest_posts":false,"boldthemes_grid_gallery":false},"uagb_author_info":{"display_name":"Jbednar","author_link":"https:\/\/www.mc-praha.cz\/mcp\/author\/jbednar\/"},"uagb_comment_info":0,"uagb_excerpt":null,"post_mailing_queue_ids":[],"_links":{"self":[{"href":"https:\/\/www.mc-praha.cz\/mcp\/wp-json\/wp\/v2\/pages\/487"}],"collection":[{"href":"https:\/\/www.mc-praha.cz\/mcp\/wp-json\/wp\/v2\/pages"}],"about":[{"href":"https:\/\/www.mc-praha.cz\/mcp\/wp-json\/wp\/v2\/types\/page"}],"author":[{"embeddable":true,"href":"https:\/\/www.mc-praha.cz\/mcp\/wp-json\/wp\/v2\/users\/7"}],"replies":[{"embeddable":true,"href":"https:\/\/www.mc-praha.cz\/mcp\/wp-json\/wp\/v2\/comments?post=487"}],"version-history":[{"count":121,"href":"https:\/\/www.mc-praha.cz\/mcp\/wp-json\/wp\/v2\/pages\/487\/revisions"}],"predecessor-version":[{"id":4700,"href":"https:\/\/www.mc-praha.cz\/mcp\/wp-json\/wp\/v2\/pages\/487\/revisions\/4700"}],"wp:attachment":[{"href":"https:\/\/www.mc-praha.cz\/mcp\/wp-json\/wp\/v2\/media?parent=487"}],"curies":[{"name":"wp","href":"https:\/\/api.w.org\/{rel}","templated":true}]}}